{"id":4678,"date":"2020-02-11T07:51:14","date_gmt":"2020-02-11T07:51:14","guid":{"rendered":"https:\/\/boxexpert.de\/societe\/karriere\/"},"modified":"2020-06-23T12:41:35","modified_gmt":"2020-06-23T12:41:35","slug":"carriere","status":"publish","type":"page","link":"https:\/\/boxexpert.de\/fr\/societe\/carriere\/","title":{"rendered":"Carri\u00e8re"},"content":{"rendered":"<div class=\"wpb-content-wrapper\"><p>[vc_row full_width=\u00a0\u00bbstretch_row_content\u00a0\u00bb mobile_bg_img_hidden=\u00a0\u00bbno\u00a0\u00bb tablet_bg_img_hidden=\u00a0\u00bbno\u00a0\u00bb woodmart_parallax=\u00a0\u00bb0&Prime; woodmart_gradient_switch=\u00a0\u00bbno\u00a0\u00bb row_reverse_mobile=\u00a0\u00bb0&Prime; row_reverse_tablet=\u00a0\u00bb0&Prime; woodmart_disable_overflow=\u00a0\u00bb0&Prime; css=\u00a0\u00bb.vc_custom_1585845046485{margin-top: -40px !important;margin-bottom: 4vh !important;}\u00a0\u00bb][vc_column]\n\t\t\t<!-- START karriere REVOLUTION SLIDER 6.7.41 --><p class=\"rs-p-wp-fix\"><\/p>\n\t\t\t<rs-module-wrap id=\"rev_slider_17_1_wrapper\" data-source=\"gallery\" style=\"visibility:hidden;background:transparent;padding:0;margin:0px auto;margin-top:0;margin-bottom:0;\">\n\t\t\t\t<rs-module id=\"rev_slider_17_1\" style=\"\" data-version=\"6.7.41\">\n\t\t\t\t\t<rs-slides style=\"overflow: hidden; position: absolute;\">\n\t\t\t\t\t\t<rs-slide style=\"position: absolute;\" data-key=\"rs-210\" data-title=\"Slide\" data-anim=\"ms:1000;r:0;\" data-in=\"o:0;\" data-out=\"a:false;\">\n\t\t\t\t\t\t\t<img decoding=\"async\" src=\"\/\/boxexpert.de\/wp-content\/plugins\/revslider\/sr6\/assets\/assets\/dummy.png\" alt=\"\" title=\"karriere (1)\" width=\"1600\" height=\"600\" class=\"rev-slidebg tp-rs-img rs-lazyload\" data-lazyload=\"\/\/boxexpert.de\/wp-content\/uploads\/2020\/04\/karriere-1.jpg\" data-no-retina>\n<!--\n\t\t\t\t\t\t\t--><rs-layer\n\t\t\t\t\t\t\t\tid=\"slider-17-slide-210-layer-0\" \n\t\t\t\t\t\t\t\tdata-type=\"shape\"\n\t\t\t\t\t\t\t\tdata-rsp_ch=\"on\"\n\t\t\t\t\t\t\t\tdata-xy=\"x:428px;y:340px;\"\n\t\t\t\t\t\t\t\tdata-text=\"w:normal;\"\n\t\t\t\t\t\t\t\tdata-dim=\"w:517px;h:127px;\"\n\t\t\t\t\t\t\t\tdata-spike=\"r:top;\"\n\t\t\t\t\t\t\t\tdata-frame_0=\"x:left;\"\n\t\t\t\t\t\t\t\tdata-frame_1=\"st:400;sp:1000;\"\n\t\t\t\t\t\t\t\tdata-frame_999=\"o:0;st:w;\"\n\t\t\t\t\t\t\t\tstyle=\"z-index:5;background-color:rgba(54,132,187,0.95);\"\n\t\t\t\t\t\t\t> \n\t\t\t\t\t\t\t<\/rs-layer><!--\n\n\t\t\t\t\t\t\t--><rs-layer\n\t\t\t\t\t\t\t\tid=\"slider-17-slide-210-layer-1\" \n\t\t\t\t\t\t\t\tdata-type=\"text\"\n\t\t\t\t\t\t\t\tdata-color=\"#ffffff\"\n\t\t\t\t\t\t\t\tdata-rsp_ch=\"on\"\n\t\t\t\t\t\t\t\tdata-xy=\"x:454px;y:367px;\"\n\t\t\t\t\t\t\t\tdata-text=\"w:normal;s:27;l:34;fw:600;\"\n\t\t\t\t\t\t\t\tdata-frame_0=\"x:left;\"\n\t\t\t\t\t\t\t\tdata-frame_1=\"st:400;sp:1000;\"\n\t\t\t\t\t\t\t\tdata-frame_999=\"o:0;st:w;\"\n\t\t\t\t\t\t\t\tstyle=\"z-index:6;font-family:'Poppins';\"\n\t\t\t\t\t\t\t>VOUS FEREZ PARTIE DE LA <br \/>\nBOXEXPERT TEAM \n\t\t\t\t\t\t\t<\/rs-layer><!--\n-->\t\t\t\t\t<\/rs-slide>\n\t\t\t\t\t<\/rs-slides>\n\t\t\t\t<\/rs-module>\n\t\t\t\t<script>\n\t\t\t\t\tsetREVStartSize({c: 'rev_slider_17_1',rl:[1240,1024,778,480],el:[500],gw:[1240],gh:[500],type:'standard',justify:'',layout:'fullwidth',mh:\"0\"});if (window.RS_MODULES!==undefined && window.RS_MODULES.modules!==undefined && window.RS_MODULES.modules[\"revslider171\"]!==undefined) {window.RS_MODULES.modules[\"revslider171\"].once = false;window.revapi17 = undefined;if (window.RS_MODULES.checkMinimal!==undefined) window.RS_MODULES.checkMinimal()}\n\t\t\t\t<\/script>\n\t\t\t<\/rs-module-wrap>\n\t\t\t<!-- END REVOLUTION SLIDER -->\n[\/vc_column][\/vc_row][vc_row mobile_bg_img_hidden=\u00a0\u00bbno\u00a0\u00bb tablet_bg_img_hidden=\u00a0\u00bbno\u00a0\u00bb woodmart_parallax=\u00a0\u00bb0&Prime; woodmart_gradient_switch=\u00a0\u00bbno\u00a0\u00bb row_reverse_mobile=\u00a0\u00bb0&Prime; row_reverse_tablet=\u00a0\u00bb0&Prime; woodmart_disable_overflow=\u00a0\u00bb0&Prime;][vc_column]\n\t\t<div id=\"wd-5eba6954a08eb\" class=\"title-wrapper wd-wpb wd-set-mb reset-last-child  wd-rs-5eba6954a08eb wd-title-color-primary wd-title-style-underlined text-left vc_custom_1589274971779 wd-underline-colored\">\n\t\t\t\n\t\t\t<div class=\"liner-continer\">\n\t\t\t\t<h1 class=\"woodmart-title-container title  wd-font-weight- wd-fontsize-xxl\" ><strong>CARRI\u00c8RE CHEZ BOXEXPERT<\/strong><\/h1>\n\t\t\t\t\t\t\t<\/div>\n\t\t\t\n\t\t\t\n\t\t\t\n\t\t<\/div>\n\t\t\n\t\t[\/vc_column][\/vc_row][vc_row full_width=\u00a0\u00bbstretch_row\u00a0\u00bb content_placement=\u00a0\u00bbmiddle\u00a0\u00bb css=\u00a0\u00bb.vc_custom_1581684079743{margin-bottom: 2vh !important;}\u00a0\u00bb mobile_bg_img_hidden=\u00a0\u00bbno\u00a0\u00bb tablet_bg_img_hidden=\u00a0\u00bbno\u00a0\u00bb woodmart_parallax=\u00a0\u00bb0&Prime; woodmart_gradient_switch=\u00a0\u00bbno\u00a0\u00bb row_reverse_mobile=\u00a0\u00bb0&Prime; row_reverse_tablet=\u00a0\u00bb0&Prime; woodmart_disable_overflow=\u00a0\u00bb0&Prime;][vc_column width=\u00a0\u00bb1\/3&Prime; css=\u00a0\u00bb.vc_custom_1490276860346{margin-bottom: 20px !important;padding-top: 0px !important;}\u00a0\u00bb]\t\t<div id=\"gallery_411\" class=\"wd-images-gallery wd-wpb\" style=\"--wd-justify-content:center;--wd-align-items:center;\">\n\t\t\t\n\t\t\t<div class=\" wd-grid-g\" style=\"--wd-col-lg:1;--wd-col-md:1;--wd-col-sm:1;--wd-gap-lg:0px;\">\n\t\t\t\t\n\t\t\t\t\t\t\t\t\t\t\t\t\t\t\t<div class=\"wd-gallery-item wd-col\">\n\t\t\t\t\t\t\t\n\t\t\t\t\t\t\t\t<img decoding=\"async\" width=\"700\" height=\"450\" src=\"https:\/\/boxexpert.de\/wp-content\/uploads\/2020\/04\/BOXEXPERT-KARRIERE-700x450.jpg\" class=\"wd-gallery-image image-1\" alt=\"\" \/>\n\t\t\t\t\t\t\t\t\t\t\t\t\t\t<\/div>\n\t\t\t\t\t\t\t\t\t\n\t\t\t\t\t\t\t<\/div>\n\n\t\t\t\t\t<\/div>\n\t\t[\/vc_column][vc_column width=\u00a0\u00bb1\/3&Prime; css=\u00a0\u00bb.vc_custom_1536077344327{margin-bottom: 20px !important;padding-top: 0px !important;}\u00a0\u00bb]\n\t\t<div id=\"wd-5eba69e5dd097\" class=\"title-wrapper wd-wpb wd-set-mb reset-last-child  wd-rs-5eba69e5dd097 wd-title-color-primary wd-title-style-underlined text-left vc_custom_1589275115043 wd-underline-colored\">\n\t\t\t\n\t\t\t<div class=\"liner-continer\">\n\t\t\t\t<h2 class=\"woodmart-title-container title  wd-font-weight- wd-fontsize-l\" >D\u00c9VELOPPER VOTRE POTENTIEL CR\u00c9ATIF<\/h2>\n\t\t\t\t\t\t\t<\/div>\n\t\t\t\n\t\t\t\n\t\t\t\n\t\t<\/div>\n\t\t\n\t\t[vc_column_text css=\u00a0\u00bb.vc_custom_1589275433058{margin-bottom: 20px !important;}\u00a0\u00bb text_larger=\u00a0\u00bbno\u00a0\u00bb]Faites partie d&rsquo;une entreprise \u00e0 croissance rapide et saine. Nous avons pour clients des entreprises renomm\u00e9es du secteur et une \u00e9quipe exceptionnelle de personnes intelligentes, dr\u00f4les, curieuses et cr\u00e9atives. Notre \u00e9quipe aide les clients \u00e0 trouver des solutions optimales pour la technologie industrielle et les bo\u00eetiers.[\/vc_column_text][\/vc_column][vc_column width=\u00a0\u00bb1\/3&Prime; css=\u00a0\u00bb.vc_custom_1536077348538{margin-bottom: 20px !important;padding-top: 0px !important;}\u00a0\u00bb][vc_column_text css=\u00a0\u00bb.vc_custom_1589275439207{margin-bottom: 28px !important;}\u00a0\u00bb text_larger=\u00a0\u00bbno\u00a0\u00bb]BOXEXPERT est synonyme d&rsquo;ouverture, de transparence et de communaut\u00e9. L&rsquo;\u00e9quit\u00e9 et la coop\u00e9ration d\u00e9mocratique dans tous les domaines font partie de la philosophie de l&rsquo;entreprise. La technologie moderne de l&rsquo;entreprise, une atmosph\u00e8re de travail famili\u00e8re, une bonne infrastructure et, enfin et surtout, un salaire \u00e9quitable font partie de l&rsquo;ensemble du dispositif BOXEXPERT.[\/vc_column_text][vc_column_text css=\u00a0\u00bb.vc_custom_1589275444474{margin-bottom: 20px !important;}\u00a0\u00bb text_larger=\u00a0\u00bbno\u00a0\u00bb]Nous investissons dans la formation et la formation continue de nos employ\u00e9s et offrons un large \u00e9ventail de possibilit\u00e9s de d\u00e9veloppement professionnel et personnel. Nous consid\u00e9rons la formation continue comme une aide \u00e0 la performance.[\/vc_column_text][\/vc_column][\/vc_row][vc_row mobile_bg_img_hidden=\u00a0\u00bbno\u00a0\u00bb tablet_bg_img_hidden=\u00a0\u00bbno\u00a0\u00bb woodmart_parallax=\u00a0\u00bb0&Prime; woodmart_gradient_switch=\u00a0\u00bbno\u00a0\u00bb row_reverse_mobile=\u00a0\u00bb0&Prime; row_reverse_tablet=\u00a0\u00bb0&Prime; woodmart_disable_overflow=\u00a0\u00bb0&Prime;][vc_column]\n\t\t<div id=\"wd-5eba6a1b3a681\" class=\"title-wrapper wd-wpb wd-set-mb reset-last-child  wd-rs-5eba6a1b3a681 wd-title-color-primary wd-title-style-underlined text-left vc_custom_1589275171600 wd-underline-colored\">\n\t\t\t\n\t\t\t<div class=\"liner-continer\">\n\t\t\t\t<h2 class=\"woodmart-title-container title  wd-font-weight- wd-fontsize-l\" ><strong>POSTES VACANTS<\/strong><\/h2>\n\t\t\t\t\t\t\t<\/div>\n\t\t\t\n\t\t\t\n\t\t\t\n\t\t<\/div>\n\t\t\n\t\t[vc_column_text text_larger=\u00a0\u00bbno\u00a0\u00bb]\t<div class=\"awsm-job-wrap\">\n\n\t\t\n\t\t<div class=\"awsm-job-listings awsm-row awsm-grid-col-2\" data-listings=\"10\" data-lang=\"fr\">\n\t\t\t\t\t<div class=\"awsm-jobs-none-container\">\n\t\t\t\t<p>Aktuell sind keine offenen Stellen verf\u00fcgbar.<\/p>\n\t\t\t<\/div>\n\t\t\t<\/div>\n\t<\/div>\n[\/vc_column_text][\/vc_column][\/vc_row]<\/p>\n<\/div>","protected":false},"excerpt":{"rendered":"<p>[vc_row full_width=\u00a0\u00bbstretch_row_content\u00a0\u00bb mobile_bg_img_hidden=\u00a0\u00bbno\u00a0\u00bb tablet_bg_img_hidden=\u00a0\u00bbno\u00a0\u00bb woodmart_parallax=\u00a0\u00bb0&Prime; woodmart_gradient_switch=\u00a0\u00bbno\u00a0\u00bb row_reverse_mobile=\u00a0\u00bb0&Prime; row_reverse_tablet=\u00a0\u00bb0&Prime; woodmart_disable_overflow=\u00a0\u00bb0&Prime; css=\u00a0\u00bb.vc_custom_1585845046485{margin-top: -40px !important;margin-bottom: 4vh !important;}\u00a0\u00bb][vc_column][\/vc_column][\/vc_row][vc_row mobile_bg_img_hidden=\u00a0\u00bbno\u00a0\u00bb tablet_bg_img_hidden=\u00a0\u00bbno\u00a0\u00bb woodmart_parallax=\u00a0\u00bb0&Prime; woodmart_gradient_switch=\u00a0\u00bbno\u00a0\u00bb row_reverse_mobile=\u00a0\u00bb0&Prime; row_reverse_tablet=\u00a0\u00bb0&Prime;<\/p>\n","protected":false},"author":1,"featured_media":0,"parent":3826,"menu_order":0,"comment_status":"closed","ping_status":"closed","template":"","meta":{"_acf_changed":false,"content-type":"","footnotes":""},"class_list":["post-4678","page","type-page","status-publish","hentry"],"acf":[],"yoast_head":"<!-- This site is optimized with the Yoast SEO plugin v27.5 - https:\/\/yoast.com\/product\/yoast-seo-wordpress\/ -->\n<title>Carri\u00e8re - BOXEXPERT - Des solutions d&#039;armoires professionnelles pour les plus hautes exigences<\/title>\n<meta name=\"robots\" content=\"index, follow, max-snippet:-1, max-image-preview:large, max-video-preview:-1\" \/>\n<link rel=\"canonical\" href=\"https:\/\/boxexpert.de\/fr\/societe\/carriere\/\" \/>\n<meta property=\"og:locale\" content=\"fr_FR\" \/>\n<meta property=\"og:type\" content=\"article\" \/>\n<meta property=\"og:title\" content=\"Carri\u00e8re - BOXEXPERT - Des solutions d&#039;armoires professionnelles pour les plus hautes exigences\" \/>\n<meta property=\"og:description\" content=\"[vc_row full_width=\u00a0\u00bbstretch_row_content\u00a0\u00bb mobile_bg_img_hidden=\u00a0\u00bbno\u00a0\u00bb tablet_bg_img_hidden=\u00a0\u00bbno\u00a0\u00bb woodmart_parallax=\u00a0\u00bb0&Prime; woodmart_gradient_switch=\u00a0\u00bbno\u00a0\u00bb row_reverse_mobile=\u00a0\u00bb0&Prime; row_reverse_tablet=\u00a0\u00bb0&Prime; woodmart_disable_overflow=\u00a0\u00bb0&Prime; css=\u00a0\u00bb.vc_custom_1585845046485{margin-top: -40px !important;margin-bottom: 4vh !important;}\u00a0\u00bb][vc_column][\/vc_column][\/vc_row][vc_row mobile_bg_img_hidden=\u00a0\u00bbno\u00a0\u00bb tablet_bg_img_hidden=\u00a0\u00bbno\u00a0\u00bb woodmart_parallax=\u00a0\u00bb0&Prime; woodmart_gradient_switch=\u00a0\u00bbno\u00a0\u00bb row_reverse_mobile=\u00a0\u00bb0&Prime; row_reverse_tablet=\u00a0\u00bb0&Prime;\" \/>\n<meta property=\"og:url\" content=\"https:\/\/boxexpert.de\/fr\/societe\/carriere\/\" \/>\n<meta property=\"og:site_name\" content=\"BOXEXPERT - Des solutions d&#039;armoires professionnelles pour les plus hautes exigences\" \/>\n<meta property=\"article:modified_time\" content=\"2020-06-23T12:41:35+00:00\" \/>\n<meta name=\"twitter:card\" content=\"summary_large_image\" \/>\n<script type=\"application\/ld+json\" class=\"yoast-schema-graph\">{\"@context\":\"https:\\\/\\\/schema.org\",\"@graph\":[{\"@type\":\"WebPage\",\"@id\":\"https:\\\/\\\/boxexpert.de\\\/fr\\\/societe\\\/carriere\\\/\",\"url\":\"https:\\\/\\\/boxexpert.de\\\/fr\\\/societe\\\/carriere\\\/\",\"name\":\"Carri\u00e8re - BOXEXPERT - Des solutions d'armoires professionnelles pour les plus hautes exigences\",\"isPartOf\":{\"@id\":\"https:\\\/\\\/boxexpert.de\\\/fr\\\/#website\"},\"datePublished\":\"2020-02-11T07:51:14+00:00\",\"dateModified\":\"2020-06-23T12:41:35+00:00\",\"breadcrumb\":{\"@id\":\"https:\\\/\\\/boxexpert.de\\\/fr\\\/societe\\\/carriere\\\/#breadcrumb\"},\"inLanguage\":\"fr-FR\",\"potentialAction\":[{\"@type\":\"ReadAction\",\"target\":[\"https:\\\/\\\/boxexpert.de\\\/fr\\\/societe\\\/carriere\\\/\"]}]},{\"@type\":\"BreadcrumbList\",\"@id\":\"https:\\\/\\\/boxexpert.de\\\/fr\\\/societe\\\/carriere\\\/#breadcrumb\",\"itemListElement\":[{\"@type\":\"ListItem\",\"position\":1,\"name\":\"Startseite\",\"item\":\"https:\\\/\\\/boxexpert.de\\\/fr\\\/\"},{\"@type\":\"ListItem\",\"position\":2,\"name\":\"Soci\u00e9t\u00e9\",\"item\":\"https:\\\/\\\/boxexpert.de\\\/fr\\\/societe\\\/\"},{\"@type\":\"ListItem\",\"position\":3,\"name\":\"Carri\u00e8re\"}]},{\"@type\":\"WebSite\",\"@id\":\"https:\\\/\\\/boxexpert.de\\\/fr\\\/#website\",\"url\":\"https:\\\/\\\/boxexpert.de\\\/fr\\\/\",\"name\":\"BOXEXPERT - Professionelle Geh\u00e4usel\u00f6sungen f\u00fcr h\u00f6chste Anspr\u00fcche\",\"description\":\"Bo\u00eetiers industriels, armoires \u00e9lectriques, bo\u00eetiers d'installation, bo\u00eetes \u00e0 fusibles et bo\u00eetes de distribution\",\"potentialAction\":[{\"@type\":\"SearchAction\",\"target\":{\"@type\":\"EntryPoint\",\"urlTemplate\":\"https:\\\/\\\/boxexpert.de\\\/fr\\\/?s={search_term_string}\"},\"query-input\":{\"@type\":\"PropertyValueSpecification\",\"valueRequired\":true,\"valueName\":\"search_term_string\"}}],\"inLanguage\":\"fr-FR\"}]}<\/script>\n<!-- \/ Yoast SEO plugin. -->","yoast_head_json":{"title":"Carri\u00e8re - BOXEXPERT - Des solutions d'armoires professionnelles pour les plus hautes exigences","robots":{"index":"index","follow":"follow","max-snippet":"max-snippet:-1","max-image-preview":"max-image-preview:large","max-video-preview":"max-video-preview:-1"},"canonical":"https:\/\/boxexpert.de\/fr\/societe\/carriere\/","og_locale":"fr_FR","og_type":"article","og_title":"Carri\u00e8re - BOXEXPERT - Des solutions d'armoires professionnelles pour les plus hautes exigences","og_description":"[vc_row full_width=\u00a0\u00bbstretch_row_content\u00a0\u00bb mobile_bg_img_hidden=\u00a0\u00bbno\u00a0\u00bb tablet_bg_img_hidden=\u00a0\u00bbno\u00a0\u00bb woodmart_parallax=\u00a0\u00bb0&Prime; woodmart_gradient_switch=\u00a0\u00bbno\u00a0\u00bb row_reverse_mobile=\u00a0\u00bb0&Prime; row_reverse_tablet=\u00a0\u00bb0&Prime; woodmart_disable_overflow=\u00a0\u00bb0&Prime; css=\u00a0\u00bb.vc_custom_1585845046485{margin-top: -40px !important;margin-bottom: 4vh !important;}\u00a0\u00bb][vc_column][\/vc_column][\/vc_row][vc_row mobile_bg_img_hidden=\u00a0\u00bbno\u00a0\u00bb tablet_bg_img_hidden=\u00a0\u00bbno\u00a0\u00bb woodmart_parallax=\u00a0\u00bb0&Prime; woodmart_gradient_switch=\u00a0\u00bbno\u00a0\u00bb row_reverse_mobile=\u00a0\u00bb0&Prime; row_reverse_tablet=\u00a0\u00bb0&Prime;","og_url":"https:\/\/boxexpert.de\/fr\/societe\/carriere\/","og_site_name":"BOXEXPERT - Des solutions d'armoires professionnelles pour les plus hautes exigences","article_modified_time":"2020-06-23T12:41:35+00:00","twitter_card":"summary_large_image","schema":{"@context":"https:\/\/schema.org","@graph":[{"@type":"WebPage","@id":"https:\/\/boxexpert.de\/fr\/societe\/carriere\/","url":"https:\/\/boxexpert.de\/fr\/societe\/carriere\/","name":"Carri\u00e8re - BOXEXPERT - Des solutions d'armoires professionnelles pour les plus hautes exigences","isPartOf":{"@id":"https:\/\/boxexpert.de\/fr\/#website"},"datePublished":"2020-02-11T07:51:14+00:00","dateModified":"2020-06-23T12:41:35+00:00","breadcrumb":{"@id":"https:\/\/boxexpert.de\/fr\/societe\/carriere\/#breadcrumb"},"inLanguage":"fr-FR","potentialAction":[{"@type":"ReadAction","target":["https:\/\/boxexpert.de\/fr\/societe\/carriere\/"]}]},{"@type":"BreadcrumbList","@id":"https:\/\/boxexpert.de\/fr\/societe\/carriere\/#breadcrumb","itemListElement":[{"@type":"ListItem","position":1,"name":"Startseite","item":"https:\/\/boxexpert.de\/fr\/"},{"@type":"ListItem","position":2,"name":"Soci\u00e9t\u00e9","item":"https:\/\/boxexpert.de\/fr\/societe\/"},{"@type":"ListItem","position":3,"name":"Carri\u00e8re"}]},{"@type":"WebSite","@id":"https:\/\/boxexpert.de\/fr\/#website","url":"https:\/\/boxexpert.de\/fr\/","name":"BOXEXPERT - Professionelle Geh\u00e4usel\u00f6sungen f\u00fcr h\u00f6chste Anspr\u00fcche","description":"Bo\u00eetiers industriels, armoires \u00e9lectriques, bo\u00eetiers d'installation, bo\u00eetes \u00e0 fusibles et bo\u00eetes de distribution","potentialAction":[{"@type":"SearchAction","target":{"@type":"EntryPoint","urlTemplate":"https:\/\/boxexpert.de\/fr\/?s={search_term_string}"},"query-input":{"@type":"PropertyValueSpecification","valueRequired":true,"valueName":"search_term_string"}}],"inLanguage":"fr-FR"}]}},"_links":{"self":[{"href":"https:\/\/boxexpert.de\/fr\/wp-json\/wp\/v2\/pages\/4678","targetHints":{"allow":["GET"]}}],"collection":[{"href":"https:\/\/boxexpert.de\/fr\/wp-json\/wp\/v2\/pages"}],"about":[{"href":"https:\/\/boxexpert.de\/fr\/wp-json\/wp\/v2\/types\/page"}],"author":[{"embeddable":true,"href":"https:\/\/boxexpert.de\/fr\/wp-json\/wp\/v2\/users\/1"}],"replies":[{"embeddable":true,"href":"https:\/\/boxexpert.de\/fr\/wp-json\/wp\/v2\/comments?post=4678"}],"version-history":[{"count":5,"href":"https:\/\/boxexpert.de\/fr\/wp-json\/wp\/v2\/pages\/4678\/revisions"}],"predecessor-version":[{"id":11000,"href":"https:\/\/boxexpert.de\/fr\/wp-json\/wp\/v2\/pages\/4678\/revisions\/11000"}],"up":[{"embeddable":true,"href":"https:\/\/boxexpert.de\/fr\/wp-json\/wp\/v2\/pages\/3826"}],"wp:attachment":[{"href":"https:\/\/boxexpert.de\/fr\/wp-json\/wp\/v2\/media?parent=4678"}],"curies":[{"name":"wp","href":"https:\/\/api.w.org\/{rel}","templated":true}]}}