{"id":4631,"date":"2020-02-11T07:45:20","date_gmt":"2020-02-11T07:45:20","guid":{"rendered":"https:\/\/boxexpert.de\/onderneming\/logistik\/"},"modified":"2021-07-20T10:14:03","modified_gmt":"2021-07-20T10:14:03","slug":"logistiek","status":"publish","type":"page","link":"https:\/\/boxexpert.de\/nl\/onderneming\/logistiek\/","title":{"rendered":"Logistiek"},"content":{"rendered":"<div class=\"wpb-content-wrapper\"><p>[vc_row full_width=&#8221;stretch_row_content&#8221; mobile_bg_img_hidden=&#8221;no&#8221; tablet_bg_img_hidden=&#8221;no&#8221; woodmart_parallax=&#8221;0&#8243; woodmart_gradient_switch=&#8221;no&#8221; row_reverse_mobile=&#8221;0&#8243; row_reverse_tablet=&#8221;0&#8243; woodmart_disable_overflow=&#8221;0&#8243; css=&#8221;.vc_custom_1585845066216{margin-top: -40px !important;margin-bottom: 4vh !important;}&#8221;][vc_column]\n\t\t\t<!-- START logistik REVOLUTION SLIDER 6.7.41 --><p class=\"rs-p-wp-fix\"><\/p>\n\t\t\t<rs-module-wrap id=\"rev_slider_20_1_wrapper\" data-source=\"gallery\" style=\"visibility:hidden;background:transparent;padding:0;margin:0px auto;margin-top:0;margin-bottom:0;\">\n\t\t\t\t<rs-module id=\"rev_slider_20_1\" style=\"\" data-version=\"6.7.41\">\n\t\t\t\t\t<rs-slides style=\"overflow: hidden; position: absolute;\">\n\t\t\t\t\t\t<rs-slide style=\"position: absolute;\" data-key=\"rs-185\" data-title=\"Slide\" data-anim=\"ms:1000;r:0;\" data-in=\"o:0;\" data-out=\"a:false;\">\n\t\t\t\t\t\t\t<img decoding=\"async\" src=\"\/\/boxexpert.de\/wp-content\/plugins\/revslider\/sr6\/assets\/assets\/dummy.png\" alt=\"Das Logistikzentrum von Boxexpert sorgt f\u00fcr reichlich Lagerware an Geh\u00e4usen\" title=\"logistik1\" width=\"1600\" height=\"600\" class=\"rev-slidebg tp-rs-img rs-lazyload\" data-lazyload=\"\/\/boxexpert.de\/wp-content\/uploads\/2020\/03\/logistik1.jpg\" data-no-retina>\n<!--\n\t\t\t\t\t\t\t--><rs-layer\n\t\t\t\t\t\t\t\tid=\"slider-20-slide-185-layer-0\" \n\t\t\t\t\t\t\t\tdata-type=\"shape\"\n\t\t\t\t\t\t\t\tdata-rsp_ch=\"on\"\n\t\t\t\t\t\t\t\tdata-xy=\"x:428px;y:340px;\"\n\t\t\t\t\t\t\t\tdata-text=\"w:normal;\"\n\t\t\t\t\t\t\t\tdata-dim=\"w:579px;h:127px;\"\n\t\t\t\t\t\t\t\tdata-spike=\"r:top;\"\n\t\t\t\t\t\t\t\tdata-frame_0=\"x:left;\"\n\t\t\t\t\t\t\t\tdata-frame_1=\"st:400;sp:1000;\"\n\t\t\t\t\t\t\t\tdata-frame_999=\"o:0;st:w;\"\n\t\t\t\t\t\t\t\tstyle=\"z-index:5;background-color:rgba(54,132,187,0.95);\"\n\t\t\t\t\t\t\t> \n\t\t\t\t\t\t\t<\/rs-layer><!--\n\n\t\t\t\t\t\t\t--><rs-layer\n\t\t\t\t\t\t\t\tid=\"slider-20-slide-185-layer-1\" \n\t\t\t\t\t\t\t\tdata-type=\"text\"\n\t\t\t\t\t\t\t\tdata-color=\"#ffffff\"\n\t\t\t\t\t\t\t\tdata-rsp_ch=\"on\"\n\t\t\t\t\t\t\t\tdata-xy=\"x:454px;y:367px;\"\n\t\t\t\t\t\t\t\tdata-text=\"w:normal;s:27;l:34;fw:600;\"\n\t\t\t\t\t\t\t\tdata-frame_0=\"x:left;\"\n\t\t\t\t\t\t\t\tdata-frame_1=\"st:400;sp:1000;\"\n\t\t\t\t\t\t\t\tdata-frame_999=\"o:0;st:w;\"\n\t\t\t\t\t\t\t\tstyle=\"z-index:6;font-family:'Poppins';\"\n\t\t\t\t\t\t\t>HOGE BESCHIKBAARHEID EN <br \/>\nGESELECTEERDE LOGISTIEKE PARTNERS \n\t\t\t\t\t\t\t<\/rs-layer><!--\n-->\t\t\t\t\t<\/rs-slide>\n\t\t\t\t\t<\/rs-slides>\n\t\t\t\t<\/rs-module>\n\t\t\t\t<script>\n\t\t\t\t\tsetREVStartSize({c: 'rev_slider_20_1',rl:[1240,1024,778,480],el:[500],gw:[1240],gh:[500],type:'standard',justify:'',layout:'fullwidth',mh:\"0\"});if (window.RS_MODULES!==undefined && window.RS_MODULES.modules!==undefined && window.RS_MODULES.modules[\"revslider201\"]!==undefined) {window.RS_MODULES.modules[\"revslider201\"].once = false;window.revapi20 = undefined;if (window.RS_MODULES.checkMinimal!==undefined) window.RS_MODULES.checkMinimal()}\n\t\t\t\t<\/script>\n\t\t\t<\/rs-module-wrap>\n\t\t\t<!-- END REVOLUTION SLIDER -->\n[\/vc_column][\/vc_row][vc_row mobile_bg_img_hidden=&#8221;no&#8221; tablet_bg_img_hidden=&#8221;no&#8221; woodmart_parallax=&#8221;0&#8243; woodmart_gradient_switch=&#8221;no&#8221; row_reverse_mobile=&#8221;0&#8243; row_reverse_tablet=&#8221;0&#8243; woodmart_disable_overflow=&#8221;0&#8243;][vc_column]\n\t\t<div id=\"wd-5e46b0d304a7f\" class=\"title-wrapper wd-wpb wd-set-mb reset-last-child  wd-rs-5e46b0d304a7f wd-title-color-primary wd-title-style-underlined text-left vc_custom_1581691095808 wd-underline-colored\">\n\t\t\t\n\t\t\t<div class=\"liner-continer\">\n\t\t\t\t<h1 class=\"woodmart-title-container title  wd-font-weight- wd-fontsize-xxl\" ><strong>LOGISTIEK<\/strong><\/h1>\n\t\t\t\t\t\t\t<\/div>\n\t\t\t\n\t\t\t\n\t\t\t\n\t\t<\/div>\n\t\t\n\t\t[\/vc_column][\/vc_row][vc_row full_width=&#8221;stretch_row&#8221; content_placement=&#8221;middle&#8221; css=&#8221;.vc_custom_1581684079743{margin-bottom: 2vh !important;}&#8221; mobile_bg_img_hidden=&#8221;no&#8221; tablet_bg_img_hidden=&#8221;no&#8221; woodmart_parallax=&#8221;0&#8243; woodmart_gradient_switch=&#8221;no&#8221; row_reverse_mobile=&#8221;0&#8243; row_reverse_tablet=&#8221;0&#8243; woodmart_disable_overflow=&#8221;0&#8243;][vc_column width=&#8221;1\/3&#8243; css=&#8221;.vc_custom_1490276860346{margin-bottom: 20px !important;padding-top: 0px !important;}&#8221;]\t\t<div id=\"gallery_321\" class=\"wd-images-gallery wd-wpb\" style=\"--wd-justify-content:center;--wd-align-items:center;\">\n\t\t\t\n\t\t\t<div class=\" wd-grid-g\" style=\"--wd-col-lg:1;--wd-col-md:1;--wd-col-sm:1;--wd-gap-lg:0px;\">\n\t\t\t\t\n\t\t\t\t\t\t\t\t\t\t\t\t\t\t\t<div class=\"wd-gallery-item wd-col\">\n\t\t\t\t\t\t\t\n\t\t\t\t\t\t\t\t<img decoding=\"async\" width=\"600\" height=\"400\" src=\"https:\/\/boxexpert.de\/wp-content\/uploads\/2020\/03\/logistik4.jpg\" class=\"wd-gallery-image image-1\" alt=\"Das Logistikzentrum von Boxexpert sorgt f\u00fcr reichlich Lagerware an Geh\u00e4usen\" srcset=\"https:\/\/boxexpert.de\/wp-content\/uploads\/2020\/03\/logistik4.jpg 600w, https:\/\/boxexpert.de\/wp-content\/uploads\/2020\/03\/logistik4-150x100.jpg 150w, https:\/\/boxexpert.de\/wp-content\/uploads\/2020\/03\/logistik4-300x200.jpg 300w\" sizes=\"(max-width: 600px) 100vw, 600px\" \/>\n\t\t\t\t\t\t\t\t\t\t\t\t\t\t<\/div>\n\t\t\t\t\t\t\t\t\t\n\t\t\t\t\t\t\t<\/div>\n\n\t\t\t\t\t<\/div>\n\t\t[\/vc_column][vc_column width=&#8221;1\/3&#8243; css=&#8221;.vc_custom_1536077344327{margin-bottom: 20px !important;padding-top: 0px !important;}&#8221;]\n\t\t<div id=\"wd-5e8136f084408\" class=\"title-wrapper wd-wpb wd-set-mb reset-last-child  wd-rs-5e8136f084408 wd-title-color-primary wd-title-style-underlined text-left vc_custom_1585526532409 wd-underline-colored\">\n\t\t\t\n\t\t\t<div class=\"liner-continer\">\n\t\t\t\t<h2 class=\"woodmart-title-container title  wd-font-weight- wd-fontsize-l\" >LOGISTIEK OP DE HANSEATISCHE MANIER<\/h2>\n\t\t\t\t\t\t\t<\/div>\n\t\t\t\n\t\t\t\n\t\t\t\n\t\t<\/div>\n\t\t\n\t\t[vc_column_text css=&#8221;.vc_custom_1586347592834{margin-bottom: 20px !important;}&#8221; text_larger=&#8221;no&#8221;]Een gebundelde structuur van de logistiek van BOXEXPERT helpt alle processen soepel te laten verlopen De centrale locatie in Hamburg bestrijkt alle gebieden voor de afhandeling van onze logistiek. De ontwikkeling en de fabricage van de producten vinden hun oorsprong in de Hanzestad, evenals de verkoop, de ondersteuning en de verzendingslogistiek. Een klantgerichte aanpak is voor BOXEXPERT een vanzelfsprekendheid.[\/vc_column_text][\/vc_column][vc_column width=&#8221;1\/3&#8243; css=&#8221;.vc_custom_1536077348538{margin-bottom: 20px !important;padding-top: 0px !important;}&#8221;][vc_column_text css=&#8221;.vc_custom_1586347839288{margin-bottom: 28px !important;}&#8221; text_larger=&#8221;no&#8221;]Door geselecteerde logistieke partners en een hoge beschikbaarheid van alle producten, kunnen wij een snelle verwerking van alle bestellingen garanderen. Geautomatiseerde en meertalige orderverwerking levert hieraan een belangrijke bijdrage.[\/vc_column_text][vc_column_text css=&#8221;.vc_custom_1586348029119{margin-bottom: 20px !important;}&#8221; text_larger=&#8221;no&#8221;]Als u haast hebt, kunnen wij u onze behuizingen natuurlijk wereldwijd per expresse leveren en de correspondentie met de rederij voor grote leveringen organiseren. Overtuig uzelf van onze betrouwbare logistiek en vertrouw op BOXEXPERT.[\/vc_column_text][\/vc_column][\/vc_row][vc_row full_width=&#8221;stretch_row&#8221; css=&#8221;.vc_custom_1581684138262{padding-top: 30px !important;background-color: #f9f9f9 !important;}&#8221; mobile_bg_img_hidden=&#8221;no&#8221; tablet_bg_img_hidden=&#8221;no&#8221; woodmart_parallax=&#8221;0&#8243; woodmart_gradient_switch=&#8221;no&#8221; row_reverse_mobile=&#8221;0&#8243; row_reverse_tablet=&#8221;0&#8243; woodmart_disable_overflow=&#8221;0&#8243;][vc_column css=&#8221;.vc_custom_1484657273903{padding-top: 0px !important;}&#8221;]\n\t\t<div id=\"wd-5e45054c68b77\" class=\"title-wrapper wd-wpb wd-set-mb reset-last-child  wd-rs-5e45054c68b77 wd-title-color-primary wd-title-style-underlined text-left vc_custom_1581581650385 wd-underline-colored\">\n\t\t\t\n\t\t\t<div class=\"liner-continer\">\n\t\t\t\t<h4 class=\"woodmart-title-container title  wd-font-weight- wd-fontsize-l\" >BELANGRIJKE FEITEN<\/h4>\n\t\t\t\t\t\t\t<\/div>\n\t\t\t\n\t\t\t\n\t\t\t\n\t\t<\/div>\n\t\t\n\t\t[vc_row_inner][vc_column_inner width=&#8221;1\/2&#8243;]\t\t\t<div id=\"wd-5e8dc0c29e767\" class=\"wd-text-block-wrapper wd-wpb wd-rs-5e8dc0c29e767 color-scheme-custom text-left vc_custom_1586348229775\">\n\t\t\t\t<div class=\"woodmart-title-container woodmart-text-block reset-last-child font-primary wd-font-weight-600 \">\n\t\t\t\t\t<\/p>\n<h3>Verzendingsafhandeling door BOXEXPERT<\/h3>\n<p>\t\t\t\t<\/div>\n\n\t\t\t\t\t\t\t<\/div>\n\t\t[vc_column_text text_larger=&#8221;no&#8221;]Het hele verzendingsproces wordt door BOXEXPERT gedekt en zorgvuldig uitgevoerd. Verzendpakketten worden betrouwbaar en op tijd naar hun bestemming gebracht door onze logistieke partner UPS.<\/p>\n<p>Bovendien nemen wij bij de levering van pallets de hele organisatie met de expediteur op ons en zorgen wij indien nodig voor alle noodzakelijke douaneformaliteiten.[\/vc_column_text][\/vc_column_inner][vc_column_inner width=&#8221;1\/2&#8243;]\t\t\t<div id=\"wd-5e99b46291fa6\" class=\"wd-text-block-wrapper wd-wpb wd-rs-5e99b46291fa6 color-scheme-custom text-left vc_custom_1587131492965\">\n\t\t\t\t<div class=\"woodmart-title-container woodmart-text-block reset-last-child font-primary wd-font-weight-600 \">\n\t\t\t\t\t<\/p>\n<h3>Logistiek<\/h3>\n<p>\t\t\t\t<\/div>\n\n\t\t\t\t\t\t\t<\/div>\n\t\t[vc_column_text text_larger=&#8221;no&#8221;]<\/p>\n<div>Wordt uw omhulsel verder verwerkt of komt het in uw productieketen terecht? Of wordt de levering rechtstreeks aan uw klant gedaan? Voor beide gevallen biedt BOXEXPERT de ondersteuning om u logistiek bij te staan. Zowel wat de verpakking als wat de levering betreft, zitten wij in een vroeg stadium met u samen om het optimale proces voor u te bepalen.<\/div>\n<p>[\/vc_column_text][\/vc_column_inner][\/vc_row_inner][vc_row_inner][vc_column_inner width=&#8221;1\/2&#8243;]\t\t\t<div id=\"wd-5e8dc0c91bce4\" class=\"wd-text-block-wrapper wd-wpb wd-rs-5e8dc0c91bce4 color-scheme-custom text-left vc_custom_1586348235467\">\n\t\t\t\t<div class=\"woodmart-title-container woodmart-text-block reset-last-child font-primary wd-font-weight-600 \">\n\t\t\t\t\t<\/p>\n<h3>Gemakkelijk bestellen in het winkelsysteem<\/h3>\n<p>\t\t\t\t<\/div>\n\n\t\t\t\t\t\t\t<\/div>\n\t\t[vc_column_text text_larger=&#8221;no&#8221;]Met ons shopsysteem kunt u gemakkelijk bestellen met \u00e9\u00e9n klik in een volledig geautomatiseerde omgeving. Filteropties en een duidelijke structuur van onze productcategorie\u00ebn helpen u snel en gemakkelijk de juiste overdekking voor u te vinden.<\/p>\n<p>Indien individualisering in de vorm van onze huisvestingsdiensten gewenst is, zullen onze medewerkers snel op uw speciale wensen reageren en u desgewenst direct live in de online chat adviseren.[\/vc_column_text][\/vc_column_inner][vc_column_inner width=&#8221;1\/2&#8243;]\t\t\t<div id=\"wd-5e99b47217303\" class=\"wd-text-block-wrapper wd-wpb wd-rs-5e99b47217303 color-scheme-custom text-left vc_custom_1587131515355\">\n\t\t\t\t<div class=\"woodmart-title-container woodmart-text-block reset-last-child font-primary wd-font-weight-600 \">\n\t\t\t\t\t<\/p>\n<h3>Verpakking<\/h3>\n<p>\t\t\t\t<\/div>\n\n\t\t\t\t\t\t\t<\/div>\n\t\t[vc_column_text text_larger=&#8221;no&#8221;]<\/p>\n<div>\n<p><span lang=\"DE\">Als het product rechtstreeks aan uw klant moet worden geleverd, verpakken wij de behuizingen op uw verzoek rechtstreeks in uw dozen met uw afleverbon, zodat uw klant niet eens merkt dat de leverancier eigenlijk iemand anders was.  <\/span><\/p>\n<p><span lang=\"DE\">Als u de behuizing verder in uw productie wilt verwerken en hulpbronnen wilt sparen, is levering in paneelverpakking bijvoorbeeld een optie.  <\/span><\/p>\n<\/div>\n<p>[\/vc_column_text][\/vc_column_inner][\/vc_row_inner][vc_row_inner][vc_column_inner width=&#8221;1\/2&#8243;]\t\t\t<div id=\"wd-5e8dc0ceccd61\" class=\"wd-text-block-wrapper wd-wpb wd-rs-5e8dc0ceccd61 color-scheme-custom text-left vc_custom_1586348241075\">\n\t\t\t\t<div class=\"woodmart-title-container woodmart-text-block reset-last-child font-primary wd-font-weight-600 \">\n\t\t\t\t\t<\/p>\n<h3>24\/7 en verzending dezelfde dag<\/h3>\n<p>\t\t\t\t<\/div>\n\n\t\t\t\t\t\t\t<\/div>\n\t\t[vc_column_text text_larger=&#8221;no&#8221;]Wij verzenden onze goederen dagelijks. Alle bestellingen worden uiterlijk de volgende werkdag, afhankelijk van het tijdstip van de bestelling, aan onze logistieke partner overhandigd en moeten normaal gesproken de volgende werkdag bij u zijn.<\/p>\n<p>Bestellingen die voor 14.00 uur via onze online winkel worden ontvangen, worden dezelfde dag nog verzonden, zodat er minder dan 24 uur verstrijkt tussen het moment dat u uw bestelling plaatst en het moment dat u de goederen ontvangt.[\/vc_column_text][\/vc_column_inner][vc_column_inner width=&#8221;1\/2&#8243;]\t\t\t<div id=\"wd-5e99b4944a788\" class=\"wd-text-block-wrapper wd-wpb wd-rs-5e99b4944a788 color-scheme-custom text-left vc_custom_1587131547990\">\n\t\t\t\t<div class=\"woodmart-title-container woodmart-text-block reset-last-child font-primary wd-font-weight-600 \">\n\t\t\t\t\t<\/p>\n<h3>Levering<\/h3>\n<p>\t\t\t\t<\/div>\n\n\t\t\t\t\t\t\t<\/div>\n\t\t[vc_column_text text_larger=&#8221;no&#8221;]<\/p>\n<div>\n<p><span lang=\"DE\">Indien u de zekerheid wilt hebben dat u steeds over het gewenste aantal behuizingen kunt beschikken, maar niet over de beschikbare opslagcapaciteit, bieden wij u graag de afsluiting van een globale bestelling aan. Zo houden wij steeds de over een bepaalde periode benodigde hoeveelheid behuizingen voor u achter, zodat u ze gemakkelijk in batches bij ons kunt afroepen. Dit geeft u de flexibiliteit om op korte termijn te blijven optreden. Ook als halffabrikaten, zoals het deksel van de behuizing of toebehoren, naar verschillende afleveradressen moeten worden gezonden, ondersteunen wij u graag bij de uitvoering.<\/span><\/p>\n<p><span lang=\"DE\">Wij adviseren u graag nog voordat u uw eerste order plaatst, want wij willen de ruimte cre\u00ebren zodat u zich kunt concentreren op uw core business.<\/span><\/p>\n<\/div>\n<p>[\/vc_column_text][\/vc_column_inner][\/vc_row_inner][\/vc_column][\/vc_row]<\/p>\n<\/div>","protected":false},"excerpt":{"rendered":"<p>[vc_row full_width=&#8221;stretch_row_content&#8221; mobile_bg_img_hidden=&#8221;no&#8221; tablet_bg_img_hidden=&#8221;no&#8221; woodmart_parallax=&#8221;0&#8243; woodmart_gradient_switch=&#8221;no&#8221; row_reverse_mobile=&#8221;0&#8243; row_reverse_tablet=&#8221;0&#8243; woodmart_disable_overflow=&#8221;0&#8243; css=&#8221;.vc_custom_1585845066216{margin-top: -40px !important;margin-bottom: 4vh !important;}&#8221;][vc_column][\/vc_column][\/vc_row][vc_row mobile_bg_img_hidden=&#8221;no&#8221; tablet_bg_img_hidden=&#8221;no&#8221; woodmart_parallax=&#8221;0&#8243; woodmart_gradient_switch=&#8221;no&#8221; row_reverse_mobile=&#8221;0&#8243; row_reverse_tablet=&#8221;0&#8243;<\/p>\n","protected":false},"author":1,"featured_media":0,"parent":3821,"menu_order":0,"comment_status":"closed","ping_status":"closed","template":"","meta":{"_acf_changed":false,"content-type":"","footnotes":""},"class_list":["post-4631","page","type-page","status-publish","hentry"],"acf":[],"yoast_head":"<!-- This site is optimized with the Yoast SEO plugin v27.2 - https:\/\/yoast.com\/product\/yoast-seo-wordpress\/ -->\n<title>Logistiek - BOXEXPERT - Professionele behuizingsoplossingen voor de hoogste eisen<\/title>\n<meta name=\"robots\" content=\"index, follow, max-snippet:-1, max-image-preview:large, max-video-preview:-1\" \/>\n<link rel=\"canonical\" href=\"https:\/\/boxexpert.de\/nl\/onderneming\/logistiek\/\" \/>\n<meta property=\"og:locale\" content=\"nl_NL\" \/>\n<meta property=\"og:type\" content=\"article\" \/>\n<meta property=\"og:title\" content=\"Logistiek - BOXEXPERT - Professionele behuizingsoplossingen voor de hoogste eisen\" \/>\n<meta property=\"og:description\" content=\"[vc_row full_width=&#8221;stretch_row_content&#8221; mobile_bg_img_hidden=&#8221;no&#8221; tablet_bg_img_hidden=&#8221;no&#8221; woodmart_parallax=&#8221;0&#8243; woodmart_gradient_switch=&#8221;no&#8221; row_reverse_mobile=&#8221;0&#8243; row_reverse_tablet=&#8221;0&#8243; woodmart_disable_overflow=&#8221;0&#8243; css=&#8221;.vc_custom_1585845066216{margin-top: -40px !important;margin-bottom: 4vh !important;}&#8221;][vc_column][\/vc_column][\/vc_row][vc_row mobile_bg_img_hidden=&#8221;no&#8221; tablet_bg_img_hidden=&#8221;no&#8221; woodmart_parallax=&#8221;0&#8243; woodmart_gradient_switch=&#8221;no&#8221; row_reverse_mobile=&#8221;0&#8243; row_reverse_tablet=&#8221;0&#8243;\" \/>\n<meta property=\"og:url\" content=\"https:\/\/boxexpert.de\/nl\/onderneming\/logistiek\/\" \/>\n<meta property=\"og:site_name\" content=\"BOXEXPERT - Professionele behuizingsoplossingen voor de hoogste eisen\" \/>\n<meta property=\"article:modified_time\" content=\"2021-07-20T10:14:03+00:00\" \/>\n<meta name=\"twitter:card\" content=\"summary_large_image\" \/>\n<script type=\"application\/ld+json\" class=\"yoast-schema-graph\">{\"@context\":\"https:\/\/schema.org\",\"@graph\":[{\"@type\":\"WebPage\",\"@id\":\"https:\/\/boxexpert.de\/nl\/onderneming\/logistiek\/\",\"url\":\"https:\/\/boxexpert.de\/nl\/onderneming\/logistiek\/\",\"name\":\"Logistiek - BOXEXPERT - Professionele behuizingsoplossingen voor de hoogste eisen\",\"isPartOf\":{\"@id\":\"https:\/\/boxexpert.de\/nl\/#website\"},\"datePublished\":\"2020-02-11T07:45:20+00:00\",\"dateModified\":\"2021-07-20T10:14:03+00:00\",\"breadcrumb\":{\"@id\":\"https:\/\/boxexpert.de\/nl\/onderneming\/logistiek\/#breadcrumb\"},\"inLanguage\":\"nl-NL\",\"potentialAction\":[{\"@type\":\"ReadAction\",\"target\":[\"https:\/\/boxexpert.de\/nl\/onderneming\/logistiek\/\"]}]},{\"@type\":\"BreadcrumbList\",\"@id\":\"https:\/\/boxexpert.de\/nl\/onderneming\/logistiek\/#breadcrumb\",\"itemListElement\":[{\"@type\":\"ListItem\",\"position\":1,\"name\":\"Startseite\",\"item\":\"https:\/\/boxexpert.de\/nl\/\"},{\"@type\":\"ListItem\",\"position\":2,\"name\":\"Bedrijf\",\"item\":\"https:\/\/boxexpert.de\/nl\/onderneming\/\"},{\"@type\":\"ListItem\",\"position\":3,\"name\":\"Logistiek\"}]},{\"@type\":\"WebSite\",\"@id\":\"https:\/\/boxexpert.de\/nl\/#website\",\"url\":\"https:\/\/boxexpert.de\/nl\/\",\"name\":\"BOXEXPERT - Professionelle Geh\u00e4usel\u00f6sungen f\u00fcr h\u00f6chste Anspr\u00fcche\",\"description\":\"Industri\u00eble behuizingen, schakelkasten, installatiebehuizingen, zekeringskasten en verdeelkasten\",\"potentialAction\":[{\"@type\":\"SearchAction\",\"target\":{\"@type\":\"EntryPoint\",\"urlTemplate\":\"https:\/\/boxexpert.de\/nl\/?s={search_term_string}\"},\"query-input\":{\"@type\":\"PropertyValueSpecification\",\"valueRequired\":true,\"valueName\":\"search_term_string\"}}],\"inLanguage\":\"nl-NL\"}]}<\/script>\n<!-- \/ Yoast SEO plugin. -->","yoast_head_json":{"title":"Logistiek - BOXEXPERT - Professionele behuizingsoplossingen voor de hoogste eisen","robots":{"index":"index","follow":"follow","max-snippet":"max-snippet:-1","max-image-preview":"max-image-preview:large","max-video-preview":"max-video-preview:-1"},"canonical":"https:\/\/boxexpert.de\/nl\/onderneming\/logistiek\/","og_locale":"nl_NL","og_type":"article","og_title":"Logistiek - BOXEXPERT - Professionele behuizingsoplossingen voor de hoogste eisen","og_description":"[vc_row full_width=&#8221;stretch_row_content&#8221; mobile_bg_img_hidden=&#8221;no&#8221; tablet_bg_img_hidden=&#8221;no&#8221; woodmart_parallax=&#8221;0&#8243; woodmart_gradient_switch=&#8221;no&#8221; row_reverse_mobile=&#8221;0&#8243; row_reverse_tablet=&#8221;0&#8243; woodmart_disable_overflow=&#8221;0&#8243; css=&#8221;.vc_custom_1585845066216{margin-top: -40px !important;margin-bottom: 4vh !important;}&#8221;][vc_column][\/vc_column][\/vc_row][vc_row mobile_bg_img_hidden=&#8221;no&#8221; tablet_bg_img_hidden=&#8221;no&#8221; woodmart_parallax=&#8221;0&#8243; woodmart_gradient_switch=&#8221;no&#8221; row_reverse_mobile=&#8221;0&#8243; row_reverse_tablet=&#8221;0&#8243;","og_url":"https:\/\/boxexpert.de\/nl\/onderneming\/logistiek\/","og_site_name":"BOXEXPERT - Professionele behuizingsoplossingen voor de hoogste eisen","article_modified_time":"2021-07-20T10:14:03+00:00","twitter_card":"summary_large_image","schema":{"@context":"https:\/\/schema.org","@graph":[{"@type":"WebPage","@id":"https:\/\/boxexpert.de\/nl\/onderneming\/logistiek\/","url":"https:\/\/boxexpert.de\/nl\/onderneming\/logistiek\/","name":"Logistiek - BOXEXPERT - Professionele behuizingsoplossingen voor de hoogste eisen","isPartOf":{"@id":"https:\/\/boxexpert.de\/nl\/#website"},"datePublished":"2020-02-11T07:45:20+00:00","dateModified":"2021-07-20T10:14:03+00:00","breadcrumb":{"@id":"https:\/\/boxexpert.de\/nl\/onderneming\/logistiek\/#breadcrumb"},"inLanguage":"nl-NL","potentialAction":[{"@type":"ReadAction","target":["https:\/\/boxexpert.de\/nl\/onderneming\/logistiek\/"]}]},{"@type":"BreadcrumbList","@id":"https:\/\/boxexpert.de\/nl\/onderneming\/logistiek\/#breadcrumb","itemListElement":[{"@type":"ListItem","position":1,"name":"Startseite","item":"https:\/\/boxexpert.de\/nl\/"},{"@type":"ListItem","position":2,"name":"Bedrijf","item":"https:\/\/boxexpert.de\/nl\/onderneming\/"},{"@type":"ListItem","position":3,"name":"Logistiek"}]},{"@type":"WebSite","@id":"https:\/\/boxexpert.de\/nl\/#website","url":"https:\/\/boxexpert.de\/nl\/","name":"BOXEXPERT - Professionelle Geh\u00e4usel\u00f6sungen f\u00fcr h\u00f6chste Anspr\u00fcche","description":"Industri\u00eble behuizingen, schakelkasten, installatiebehuizingen, zekeringskasten en verdeelkasten","potentialAction":[{"@type":"SearchAction","target":{"@type":"EntryPoint","urlTemplate":"https:\/\/boxexpert.de\/nl\/?s={search_term_string}"},"query-input":{"@type":"PropertyValueSpecification","valueRequired":true,"valueName":"search_term_string"}}],"inLanguage":"nl-NL"}]}},"_links":{"self":[{"href":"https:\/\/boxexpert.de\/nl\/wp-json\/wp\/v2\/pages\/4631","targetHints":{"allow":["GET"]}}],"collection":[{"href":"https:\/\/boxexpert.de\/nl\/wp-json\/wp\/v2\/pages"}],"about":[{"href":"https:\/\/boxexpert.de\/nl\/wp-json\/wp\/v2\/types\/page"}],"author":[{"embeddable":true,"href":"https:\/\/boxexpert.de\/nl\/wp-json\/wp\/v2\/users\/1"}],"replies":[{"embeddable":true,"href":"https:\/\/boxexpert.de\/nl\/wp-json\/wp\/v2\/comments?post=4631"}],"version-history":[{"count":6,"href":"https:\/\/boxexpert.de\/nl\/wp-json\/wp\/v2\/pages\/4631\/revisions"}],"predecessor-version":[{"id":18474,"href":"https:\/\/boxexpert.de\/nl\/wp-json\/wp\/v2\/pages\/4631\/revisions\/18474"}],"up":[{"embeddable":true,"href":"https:\/\/boxexpert.de\/nl\/wp-json\/wp\/v2\/pages\/3821"}],"wp:attachment":[{"href":"https:\/\/boxexpert.de\/nl\/wp-json\/wp\/v2\/media?parent=4631"}],"curies":[{"name":"wp","href":"https:\/\/api.w.org\/{rel}","templated":true}]}}