{"id":4803,"date":"2020-03-31T14:02:46","date_gmt":"2020-03-31T14:02:46","guid":{"rendered":"https:\/\/boxexpert.de\/onderneming\/code-of-conduct\/"},"modified":"2022-04-08T05:45:40","modified_gmt":"2022-04-08T05:45:40","slug":"gedragscode","status":"publish","type":"page","link":"https:\/\/boxexpert.de\/nl\/onderneming\/gedragscode\/","title":{"rendered":"Gedragscode"},"content":{"rendered":"<div class=\"wpb-content-wrapper\"><p>[vc_row full_width=&#8221;stretch_row_content&#8221; mobile_bg_img_hidden=&#8221;no&#8221; tablet_bg_img_hidden=&#8221;no&#8221; woodmart_parallax=&#8221;0&#8243; woodmart_gradient_switch=&#8221;no&#8221; row_reverse_mobile=&#8221;0&#8243; row_reverse_tablet=&#8221;0&#8243; woodmart_disable_overflow=&#8221;0&#8243; css=&#8221;.vc_custom_1585665823573{margin-top: -40px !important;margin-bottom: 4vh !important;}&#8221;][vc_column]\n\t\t\t<!-- START Code of Conduct REVOLUTION SLIDER 6.7.41 --><p class=\"rs-p-wp-fix\"><\/p>\n\t\t\t<rs-module-wrap id=\"rev_slider_33_1_wrapper\" data-source=\"gallery\" style=\"visibility:hidden;background:transparent;padding:0;margin:0px auto;margin-top:0;margin-bottom:0;\">\n\t\t\t\t<rs-module id=\"rev_slider_33_1\" style=\"\" data-version=\"6.7.41\">\n\t\t\t\t\t<rs-slides style=\"overflow: hidden; position: absolute;\">\n\t\t\t\t\t\t<rs-slide style=\"position: absolute;\" data-key=\"rs-94\" data-title=\"Slide\" data-anim=\"ms:1000;r:0;\" data-in=\"o:0;\" data-out=\"a:false;\">\n\t\t\t\t\t\t\t<img decoding=\"async\" src=\"\/\/boxexpert.de\/wp-content\/plugins\/revslider\/sr6\/assets\/assets\/dummy.png\" alt=\"\" title=\"selective-focus-photography-of-child-hand-1250452 (1)\" width=\"1600\" height=\"600\" class=\"rev-slidebg tp-rs-img rs-lazyload\" data-lazyload=\"\/\/boxexpert.de\/wp-content\/uploads\/2020\/03\/selective-focus-photography-of-child-hand-1250452-1.jpg\" data-no-retina>\n<!--\n\t\t\t\t\t\t\t--><rs-layer\n\t\t\t\t\t\t\t\tid=\"slider-33-slide-94-layer-3\" \n\t\t\t\t\t\t\t\tdata-type=\"shape\"\n\t\t\t\t\t\t\t\tdata-rsp_ch=\"on\"\n\t\t\t\t\t\t\t\tdata-xy=\"x:428px;y:340px;\"\n\t\t\t\t\t\t\t\tdata-text=\"w:normal;\"\n\t\t\t\t\t\t\t\tdata-dim=\"w:517px;h:127px;\"\n\t\t\t\t\t\t\t\tdata-spike=\"r:top;\"\n\t\t\t\t\t\t\t\tdata-frame_0=\"x:left;\"\n\t\t\t\t\t\t\t\tdata-frame_1=\"st:400;sp:1000;\"\n\t\t\t\t\t\t\t\tdata-frame_999=\"o:0;st:w;\"\n\t\t\t\t\t\t\t\tstyle=\"z-index:5;background-color:rgba(54,132,187,0.95);\"\n\t\t\t\t\t\t\t> \n\t\t\t\t\t\t\t<\/rs-layer><!--\n\n\t\t\t\t\t\t\t--><rs-layer\n\t\t\t\t\t\t\t\tid=\"slider-33-slide-94-layer-4\" \n\t\t\t\t\t\t\t\tdata-type=\"text\"\n\t\t\t\t\t\t\t\tdata-color=\"#ffffff\"\n\t\t\t\t\t\t\t\tdata-rsp_ch=\"on\"\n\t\t\t\t\t\t\t\tdata-xy=\"x:454px;y:367px;\"\n\t\t\t\t\t\t\t\tdata-text=\"w:normal;s:27;l:34;fw:600;\"\n\t\t\t\t\t\t\t\tdata-frame_0=\"x:left;\"\n\t\t\t\t\t\t\t\tdata-frame_1=\"st:400;sp:1000;\"\n\t\t\t\t\t\t\t\tdata-frame_999=\"o:0;st:w;\"\n\t\t\t\t\t\t\t\tstyle=\"z-index:6;font-family:'Poppins';\"\n\t\t\t\t\t\t\t>SAMEN VOORGOED VOORUITGAAN<br \/>\n WAARDEN EN EERLIJKHEID \n\t\t\t\t\t\t\t<\/rs-layer><!--\n-->\t\t\t\t\t<\/rs-slide>\n\t\t\t\t\t<\/rs-slides>\n\t\t\t\t<\/rs-module>\n\t\t\t\t<script>\n\t\t\t\t\tsetREVStartSize({c: 'rev_slider_33_1',rl:[1240,1024,778,480],el:[500],gw:[1240],gh:[500],type:'standard',justify:'',layout:'fullwidth',mh:\"0\"});if (window.RS_MODULES!==undefined && window.RS_MODULES.modules!==undefined && window.RS_MODULES.modules[\"revslider331\"]!==undefined) {window.RS_MODULES.modules[\"revslider331\"].once = false;window.revapi33 = undefined;if (window.RS_MODULES.checkMinimal!==undefined) window.RS_MODULES.checkMinimal()}\n\t\t\t\t<\/script>\n\t\t\t<\/rs-module-wrap>\n\t\t\t<!-- END REVOLUTION SLIDER -->\n[\/vc_column][\/vc_row][vc_row mobile_bg_img_hidden=&#8221;no&#8221; tablet_bg_img_hidden=&#8221;no&#8221; woodmart_parallax=&#8221;0&#8243; woodmart_gradient_switch=&#8221;no&#8221; row_reverse_mobile=&#8221;0&#8243; row_reverse_tablet=&#8221;0&#8243; woodmart_disable_overflow=&#8221;0&#8243;][vc_column width=&#8221;1\/2&#8243;]\n\t\t<div id=\"wd-5e834fca961e2\" class=\"title-wrapper wd-wpb wd-set-mb reset-last-child  wd-rs-5e834fca961e2 wd-title-color-primary wd-title-style-underlined text-left vc_custom_1585663952213 wd-underline-colored\">\n\t\t\t\n\t\t\t<div class=\"liner-continer\">\n\t\t\t\t<h1 class=\"woodmart-title-container title  wd-font-weight- wd-fontsize-xxl\" ><strong>Code of Conduct<\/strong><\/h1>\n\t\t\t\t\t\t\t<\/div>\n\t\t\t\n\t\t\t\t\t\t\t<div class=\"title-after_title reset-last-child  wd-fontsize-s\">Gedeelde verantwoordelijkheid in de toeleveringsketen<\/div>\n\t\t\t\n\t\t\t\n\t\t<\/div>\n\t\t\n\t\t[vc_column_text text_larger=&#8221;no&#8221;]Alle medewerkers en managers van BOXEXPERT zetten zich in voor een maatschappelijk verantwoord ondernemingsbestuur. De volgende beginselen vormen een groot deel van de bedrijfsmissie en weerspiegelen onze waarden en principes. Wij werken in de gehele toeleveringsketen aan de volgende principes op het gebied van arbeidsomstandigheden, sociale normen, concurrentievoorwaarden, ethische principes en transparantie. Wij zien dit als onze sociale verplichting en stellen deze normen aan alle partners waarmee wij samenwerken.[\/vc_column_text][\/vc_column][vc_column width=&#8221;1\/2&#8243; css=&#8221;.vc_custom_1585663922782{margin-top: 70px !important;}&#8221; mobile_bg_img_hidden=&#8221;no&#8221; tablet_bg_img_hidden=&#8221;no&#8221; woodmart_parallax=&#8221;0&#8243; woodmart_sticky_column=&#8221;false&#8221; parallax_scroll=&#8221;no&#8221; mobile_reset_margin=&#8221;no&#8221; tablet_reset_margin=&#8221;no&#8221;][vc_single_image image=&#8221;1455&#8243; img_size=&#8221;full&#8221; parallax_scroll=&#8221;no&#8221;][\/vc_column][\/vc_row][vc_row][vc_column width=&#8221;1\/2&#8243;]\n\t\t<div id=\"wd-5e836fb4c3a48\" class=\"title-wrapper wd-wpb wd-set-mb reset-last-child  wd-rs-5e836fb4c3a48 wd-title-color-primary wd-title-style-underlined text-left vc_custom_1585672120211 wd-underline-colored\">\n\t\t\t\n\t\t\t<div class=\"liner-continer\">\n\t\t\t\t<h1 class=\"woodmart-title-container title  wd-font-weight- wd-fontsize-m\" ><strong>1. gedrag<\/strong><\/h1>\n\t\t\t\t\t\t\t<\/div>\n\t\t\t\n\t\t\t\t\t\t\t<div class=\"title-after_title reset-last-child  wd-fontsize-xs\">BOXEXPERT voert haar activiteiten correct en volgens de beste zakelijke praktijken uit. We houden de boekhouding correct bij. BOXEXPERT zal in geen geval meewerken aan enige vorm van belasting- of milieudelicten.<\/div>\n\t\t\t\n\t\t\t\n\t\t<\/div>\n\t\t\n\t\t\n\t\t<div id=\"wd-5e859f14173f0\" class=\"title-wrapper wd-wpb wd-set-mb reset-last-child  wd-rs-5e859f14173f0 wd-title-color-primary wd-title-style-underlined text-left vc_custom_1585815343149 wd-underline-colored\">\n\t\t\t\n\t\t\t<div class=\"liner-continer\">\n\t\t\t\t<h1 class=\"woodmart-title-container title  wd-font-weight- wd-fontsize-m\" ><strong>2. naleving van wetten<\/strong><\/h1>\n\t\t\t\t\t\t\t<\/div>\n\t\t\t\n\t\t\t\t\t\t\t<div class=\"title-after_title reset-last-child  wd-fontsize-xs\">BOXEXPERT steunt de mensenrechten en de daarmee verband houdende internationale overeenkomsten. BOXEXPERT leeft volledig en actief de wetten en voorschriften na die van kracht zijn in de landen waar BOXEXPERT zaken doet, met inbegrip van die van de IAO en de VN. Dit omvat wetten tegen oneerlijke concurrentie.<\/div>\n\t\t\t\n\t\t\t\n\t\t<\/div>\n\t\t\n\t\t\n\t\t<div id=\"wd-5e859f3331c8f\" class=\"title-wrapper wd-wpb wd-set-mb reset-last-child  wd-rs-5e859f3331c8f wd-title-color-primary wd-title-style-underlined text-left vc_custom_1585815363736 wd-underline-colored\">\n\t\t\t\n\t\t\t<div class=\"liner-continer\">\n\t\t\t\t<h1 class=\"woodmart-title-container title  wd-font-weight- wd-fontsize-m\" ><strong>3. omkoperij en corruptie<\/strong><\/h1>\n\t\t\t\t\t\t\t<\/div>\n\t\t\t\n\t\t\t\t\t\t\t<div class=\"title-after_title reset-last-child  wd-fontsize-xs\">BOXEXPERT biedt, belooft, vraagt, eist of accepteert geen steekpenningen of andere ongepaste voordelen met als doel een klant te behouden, een deal veilig te stellen of de beslissingen of activiteiten van een overheidsinstantie te be\u00efnvloeden. BOXEXPERT gedraagt zich altijd op een wijze die gebaseerd is op eerlijkheid en naleving van de geldende nationale en internationale normen.<\/div>\n\t\t\t\n\t\t\t\n\t\t<\/div>\n\t\t\n\t\t\n\t\t<div id=\"wd-5e859f46a08ed\" class=\"title-wrapper wd-wpb wd-set-mb reset-last-child  wd-rs-5e859f46a08ed wd-title-color-primary wd-title-style-underlined text-left vc_custom_1585815379178 wd-underline-colored\">\n\t\t\t\n\t\t\t<div class=\"liner-continer\">\n\t\t\t\t<h1 class=\"woodmart-title-container title  wd-font-weight- wd-fontsize-m\" ><strong>4. relaties met cli\u00ebnten<\/strong><\/h1>\n\t\t\t\t\t\t\t<\/div>\n\t\t\t\n\t\t\t\t\t\t\t<div class=\"title-after_title reset-last-child  wd-fontsize-xs\">BOXEXPERT wint het vertrouwen van zijn klanten door hen kwaliteit te garanderen. BOXEXPERT streeft er altijd naar om concurrerende diensten en producten aan te bieden op de nationale en internationale markten om waarde te cre\u00ebren voor haar klanten. BOXEXPERT informeert zijn klanten en leveranciers over de Gedragscode.<\/div>\n\t\t\t\n\t\t\t\n\t\t<\/div>\n\t\t\n\t\t\n\t\t<div id=\"wd-5e859f5639043\" class=\"title-wrapper wd-wpb wd-set-mb reset-last-child  wd-rs-5e859f5639043 wd-title-color-primary wd-title-style-underlined text-left vc_custom_1585815400623 wd-underline-colored\">\n\t\t\t\n\t\t\t<div class=\"liner-continer\">\n\t\t\t\t<h1 class=\"woodmart-title-container title  wd-font-weight- wd-fontsize-m\" ><strong>5. betrekkingen met het personeel<\/strong><\/h1>\n\t\t\t\t\t\t\t<\/div>\n\t\t\t\n\t\t\t\t\t\t\t<div class=\"title-after_title reset-last-child  wd-fontsize-xs\">BOXEXPERT werkt actief aan het cre\u00ebren van een goede werkomgeving om het ziekteverzuim van werknemers, arbeidsongevallen, werkgerelateerde verwondingen en drugsverslaving te verminderen. BOXEXPERT biedt een bedrijfsgeneeskundige dienst aan. Geweld, bedreigingen, agressief gedrag, pesterijen, beledigingen en soortgelijk gedrag worden op de werkplek niet getolereerd.<\/div>\n\t\t\t\n\t\t\t\n\t\t<\/div>\n\t\t\n\t\t\n\t\t<div id=\"wd-5e859f70769c9\" class=\"title-wrapper wd-wpb wd-set-mb reset-last-child  wd-rs-5e859f70769c9 wd-title-color-primary wd-title-style-underlined text-left vc_custom_1585815420520 wd-underline-colored\">\n\t\t\t\n\t\t\t<div class=\"liner-continer\">\n\t\t\t\t<h1 class=\"woodmart-title-container title  wd-font-weight- wd-fontsize-m\" ><strong>6. vrijheid van vereniging voor werknemers<\/strong><\/h1>\n\t\t\t\t\t\t\t<\/div>\n\t\t\t\n\t\t\t\t\t\t\t<div class=\"title-after_title reset-last-child  wd-fontsize-xs\">BOXEXPERT respecteert het recht van werknemers om ondernemingsraden op te richten of om lid te worden van dergelijke vertegenwoordigende organen voor het personeel.<\/div>\n\t\t\t\n\t\t\t\n\t\t<\/div>\n\t\t\n\t\t[\/vc_column][vc_column width=&#8221;1\/2&#8243;]\n\t\t<div id=\"wd-5e859f8245d91\" class=\"title-wrapper wd-wpb wd-set-mb reset-last-child  wd-rs-5e859f8245d91 wd-title-color-primary wd-title-style-underlined text-left vc_custom_1585815434814 wd-underline-colored\">\n\t\t\t\n\t\t\t<div class=\"liner-continer\">\n\t\t\t\t<h1 class=\"woodmart-title-container title  wd-font-weight- wd-fontsize-m\" ><strong>7. kinderarbeid<\/strong><\/h1>\n\t\t\t\t\t\t\t<\/div>\n\t\t\t\n\t\t\t\t\t\t\t<div class=\"title-after_title reset-last-child  wd-fontsize-xs\">BOXEXPERT tolereert geen kinderarbeid of uitbuiting van kinderen en jongeren. De minimumleeftijd voor tewerkstelling bij BOXEXPERT is 15 jaar. Van leveranciers wordt verwacht dat zij geen jongeren onder de 15 jaar in dienst nemen.<\/div>\n\t\t\t\n\t\t\t\n\t\t<\/div>\n\t\t\n\t\t\n\t\t<div id=\"wd-5e859f90df0ac\" class=\"title-wrapper wd-wpb wd-set-mb reset-last-child  wd-rs-5e859f90df0ac wd-title-color-primary wd-title-style-underlined text-left vc_custom_1585815451659 wd-underline-colored\">\n\t\t\t\n\t\t\t<div class=\"liner-continer\">\n\t\t\t\t<h1 class=\"woodmart-title-container title  wd-font-weight- wd-fontsize-m\" ><strong>8. dwangarbeid<\/strong><\/h1>\n\t\t\t\t\t\t\t<\/div>\n\t\t\t\n\t\t\t\t\t\t\t<div class=\"title-after_title reset-last-child  wd-fontsize-xs\">BOXEXPERT tolereert geen dwangarbeid in de groep van ondernemingen en bij haar zakenpartners.<\/div>\n\t\t\t\n\t\t\t\n\t\t<\/div>\n\t\t\n\t\t\n\t\t<div id=\"wd-5e859fa217380\" class=\"title-wrapper wd-wpb wd-set-mb reset-last-child  wd-rs-5e859fa217380 wd-title-color-primary wd-title-style-underlined text-left vc_custom_1585815466314 wd-underline-colored\">\n\t\t\t\n\t\t\t<div class=\"liner-continer\">\n\t\t\t\t<h1 class=\"woodmart-title-container title  wd-font-weight- wd-fontsize-m\" ><strong>9. discriminatie<\/strong><\/h1>\n\t\t\t\t\t\t\t<\/div>\n\t\t\t\n\t\t\t\t\t\t\t<div class=\"title-after_title reset-last-child  wd-fontsize-xs\">BOXEXPERT biedt eerlijke arbeidsomstandigheden en kansen aan alle werknemers; zonder onderscheid of discriminatie op basis van geslacht, etnische afkomst, leeftijd, handicap, religie of seksuele geaardheid. BOXEXPERT aanvaardt geen enkele vorm van politieke, religieuze of enige andere vorm van propaganda op de werkplek.<\/div>\n\t\t\t\n\t\t\t\n\t\t<\/div>\n\t\t\n\t\t\n\t\t<div id=\"wd-5e859fb29b698\" class=\"title-wrapper wd-wpb wd-set-mb reset-last-child  wd-rs-5e859fb29b698 wd-title-color-primary wd-title-style-underlined text-left vc_custom_1585815484598 wd-underline-colored\">\n\t\t\t\n\t\t\t<div class=\"liner-continer\">\n\t\t\t\t<h1 class=\"woodmart-title-container title  wd-font-weight- wd-fontsize-m\" ><strong>10. documentatie arbeidsverhouding, bezoldiging<\/strong><\/h1>\n\t\t\t\t\t\t\t<\/div>\n\t\t\t\n\t\t\t\t\t\t\t<div class=\"title-after_title reset-last-child  wd-fontsize-xs\">BOXEXPERT sluit schriftelijke arbeidsovereenkomsten af met de werknemers. Daartoe behoren de toepasselijke arbeids- en socialezekerheidsnormen. BOXEXPERT garandeert dat de aan de werknemers uitbetaalde lonen overeenstemmen met het in de bedrijfstak gebruikelijke of wettelijk voorgeschreven minimumloon. In de regel mag de arbeidstijd niet meer dan 40 uur per week bedragen. De werktijden moeten in overeenstemming zijn met de toepasselijke wetgeving en de relevante ILO-voorschriften, afhankelijk van welke het strengst is. De werknemer kan weigeren overuren te maken. Na 6 dagen werken moet een volledige vrije dag worden toegekend.<\/div>\n\t\t\t\n\t\t\t\n\t\t<\/div>\n\t\t\n\t\t\n\t\t<div id=\"wd-5e859fc339980\" class=\"title-wrapper wd-wpb wd-set-mb reset-last-child  wd-rs-5e859fc339980 wd-title-color-primary wd-title-style-underlined text-left vc_custom_1585815501028 wd-underline-colored\">\n\t\t\t\n\t\t\t<div class=\"liner-continer\">\n\t\t\t\t<h1 class=\"woodmart-title-container title  wd-font-weight- wd-fontsize-m\" ><strong>11. verbetering van de milieubescherming<\/strong><\/h1>\n\t\t\t\t\t\t\t<\/div>\n\t\t\t\n\t\t\t\t\t\t\t<div class=\"title-after_title reset-last-child  wd-fontsize-xs\">BOXEXPERT heeft een actieplan opgesteld om de doeltreffendheid van de emissiereducties en het verbruik van hulpbronnen van het bedrijf te meten en te verbeteren.<\/div>\n\t\t\t\n\t\t\t\n\t\t<\/div>\n\t\t\n\t\t\n\t\t<div id=\"wd-5e859fe2756c2\" class=\"title-wrapper wd-wpb wd-set-mb reset-last-child  wd-rs-5e859fe2756c2 wd-title-color-primary wd-title-style-underlined text-left vc_custom_1585815531795 wd-underline-colored\">\n\t\t\t\n\t\t\t<div class=\"liner-continer\">\n\t\t\t\t<h1 class=\"woodmart-title-container title  wd-font-weight- wd-fontsize-m\" ><strong>12. betrekkingen met andere actoren<\/strong><\/h1>\n\t\t\t\t\t\t\t<\/div>\n\t\t\t\n\t\t\t\t\t\t\t<div class=\"title-after_title reset-last-child  wd-fontsize-xs\">BOXEXPERT verwacht van alle leveranciers dat zij ook aan bovenstaande eisen voldoen. Bij de evaluatie en selectie van leveranciers, onderaannemers en partners door BOXEXPERT is het een belangrijk criterium om te voldoen aan de vereisten van de Gedragscode.<\/div>\n\t\t\t\n\t\t\t\n\t\t<\/div>\n\t\t\n\t\t[\/vc_column][\/vc_row]<\/p>\n<\/div>","protected":false},"excerpt":{"rendered":"<p>[vc_row full_width=&#8221;stretch_row_content&#8221; mobile_bg_img_hidden=&#8221;no&#8221; tablet_bg_img_hidden=&#8221;no&#8221; woodmart_parallax=&#8221;0&#8243; woodmart_gradient_switch=&#8221;no&#8221; row_reverse_mobile=&#8221;0&#8243; row_reverse_tablet=&#8221;0&#8243; woodmart_disable_overflow=&#8221;0&#8243; css=&#8221;.vc_custom_1585665823573{margin-top: -40px !important;margin-bottom: 4vh !important;}&#8221;][vc_column][\/vc_column][\/vc_row][vc_row mobile_bg_img_hidden=&#8221;no&#8221; tablet_bg_img_hidden=&#8221;no&#8221; woodmart_parallax=&#8221;0&#8243; woodmart_gradient_switch=&#8221;no&#8221; row_reverse_mobile=&#8221;0&#8243; row_reverse_tablet=&#8221;0&#8243;<\/p>\n","protected":false},"author":1,"featured_media":0,"parent":3821,"menu_order":0,"comment_status":"closed","ping_status":"closed","template":"","meta":{"_acf_changed":false,"content-type":"","footnotes":""},"class_list":["post-4803","page","type-page","status-publish","hentry"],"acf":[],"yoast_head":"<!-- This site is optimized with the Yoast SEO plugin v27.2 - https:\/\/yoast.com\/product\/yoast-seo-wordpress\/ -->\n<title>Gedragscode - BOXEXPERT - Professionele behuizingsoplossingen voor de hoogste eisen<\/title>\n<meta name=\"robots\" content=\"index, follow, max-snippet:-1, max-image-preview:large, max-video-preview:-1\" \/>\n<link rel=\"canonical\" href=\"https:\/\/boxexpert.de\/nl\/onderneming\/gedragscode\/\" \/>\n<meta property=\"og:locale\" content=\"nl_NL\" \/>\n<meta property=\"og:type\" content=\"article\" \/>\n<meta property=\"og:title\" content=\"Gedragscode - BOXEXPERT - Professionele behuizingsoplossingen voor de hoogste eisen\" \/>\n<meta property=\"og:description\" content=\"[vc_row full_width=&#8221;stretch_row_content&#8221; mobile_bg_img_hidden=&#8221;no&#8221; tablet_bg_img_hidden=&#8221;no&#8221; woodmart_parallax=&#8221;0&#8243; woodmart_gradient_switch=&#8221;no&#8221; row_reverse_mobile=&#8221;0&#8243; row_reverse_tablet=&#8221;0&#8243; woodmart_disable_overflow=&#8221;0&#8243; css=&#8221;.vc_custom_1585665823573{margin-top: -40px !important;margin-bottom: 4vh !important;}&#8221;][vc_column][\/vc_column][\/vc_row][vc_row mobile_bg_img_hidden=&#8221;no&#8221; tablet_bg_img_hidden=&#8221;no&#8221; woodmart_parallax=&#8221;0&#8243; woodmart_gradient_switch=&#8221;no&#8221; row_reverse_mobile=&#8221;0&#8243; row_reverse_tablet=&#8221;0&#8243;\" \/>\n<meta property=\"og:url\" content=\"https:\/\/boxexpert.de\/nl\/onderneming\/gedragscode\/\" \/>\n<meta property=\"og:site_name\" content=\"BOXEXPERT - Professionele behuizingsoplossingen voor de hoogste eisen\" \/>\n<meta property=\"article:modified_time\" content=\"2022-04-08T05:45:40+00:00\" \/>\n<meta name=\"twitter:card\" content=\"summary_large_image\" \/>\n<script type=\"application\/ld+json\" class=\"yoast-schema-graph\">{\"@context\":\"https:\/\/schema.org\",\"@graph\":[{\"@type\":\"WebPage\",\"@id\":\"https:\/\/boxexpert.de\/nl\/onderneming\/gedragscode\/\",\"url\":\"https:\/\/boxexpert.de\/nl\/onderneming\/gedragscode\/\",\"name\":\"Gedragscode - BOXEXPERT - Professionele behuizingsoplossingen voor de hoogste eisen\",\"isPartOf\":{\"@id\":\"https:\/\/boxexpert.de\/nl\/#website\"},\"datePublished\":\"2020-03-31T14:02:46+00:00\",\"dateModified\":\"2022-04-08T05:45:40+00:00\",\"breadcrumb\":{\"@id\":\"https:\/\/boxexpert.de\/nl\/onderneming\/gedragscode\/#breadcrumb\"},\"inLanguage\":\"nl-NL\",\"potentialAction\":[{\"@type\":\"ReadAction\",\"target\":[\"https:\/\/boxexpert.de\/nl\/onderneming\/gedragscode\/\"]}]},{\"@type\":\"BreadcrumbList\",\"@id\":\"https:\/\/boxexpert.de\/nl\/onderneming\/gedragscode\/#breadcrumb\",\"itemListElement\":[{\"@type\":\"ListItem\",\"position\":1,\"name\":\"Startseite\",\"item\":\"https:\/\/boxexpert.de\/nl\/\"},{\"@type\":\"ListItem\",\"position\":2,\"name\":\"Bedrijf\",\"item\":\"https:\/\/boxexpert.de\/nl\/onderneming\/\"},{\"@type\":\"ListItem\",\"position\":3,\"name\":\"Gedragscode\"}]},{\"@type\":\"WebSite\",\"@id\":\"https:\/\/boxexpert.de\/nl\/#website\",\"url\":\"https:\/\/boxexpert.de\/nl\/\",\"name\":\"BOXEXPERT - Professionelle Geh\u00e4usel\u00f6sungen f\u00fcr h\u00f6chste Anspr\u00fcche\",\"description\":\"Industri\u00eble behuizingen, schakelkasten, installatiebehuizingen, zekeringskasten en verdeelkasten\",\"potentialAction\":[{\"@type\":\"SearchAction\",\"target\":{\"@type\":\"EntryPoint\",\"urlTemplate\":\"https:\/\/boxexpert.de\/nl\/?s={search_term_string}\"},\"query-input\":{\"@type\":\"PropertyValueSpecification\",\"valueRequired\":true,\"valueName\":\"search_term_string\"}}],\"inLanguage\":\"nl-NL\"}]}<\/script>\n<!-- \/ Yoast SEO plugin. -->","yoast_head_json":{"title":"Gedragscode - BOXEXPERT - Professionele behuizingsoplossingen voor de hoogste eisen","robots":{"index":"index","follow":"follow","max-snippet":"max-snippet:-1","max-image-preview":"max-image-preview:large","max-video-preview":"max-video-preview:-1"},"canonical":"https:\/\/boxexpert.de\/nl\/onderneming\/gedragscode\/","og_locale":"nl_NL","og_type":"article","og_title":"Gedragscode - BOXEXPERT - Professionele behuizingsoplossingen voor de hoogste eisen","og_description":"[vc_row full_width=&#8221;stretch_row_content&#8221; mobile_bg_img_hidden=&#8221;no&#8221; tablet_bg_img_hidden=&#8221;no&#8221; woodmart_parallax=&#8221;0&#8243; woodmart_gradient_switch=&#8221;no&#8221; row_reverse_mobile=&#8221;0&#8243; row_reverse_tablet=&#8221;0&#8243; woodmart_disable_overflow=&#8221;0&#8243; css=&#8221;.vc_custom_1585665823573{margin-top: -40px !important;margin-bottom: 4vh !important;}&#8221;][vc_column][\/vc_column][\/vc_row][vc_row mobile_bg_img_hidden=&#8221;no&#8221; tablet_bg_img_hidden=&#8221;no&#8221; woodmart_parallax=&#8221;0&#8243; woodmart_gradient_switch=&#8221;no&#8221; row_reverse_mobile=&#8221;0&#8243; row_reverse_tablet=&#8221;0&#8243;","og_url":"https:\/\/boxexpert.de\/nl\/onderneming\/gedragscode\/","og_site_name":"BOXEXPERT - Professionele behuizingsoplossingen voor de hoogste eisen","article_modified_time":"2022-04-08T05:45:40+00:00","twitter_card":"summary_large_image","schema":{"@context":"https:\/\/schema.org","@graph":[{"@type":"WebPage","@id":"https:\/\/boxexpert.de\/nl\/onderneming\/gedragscode\/","url":"https:\/\/boxexpert.de\/nl\/onderneming\/gedragscode\/","name":"Gedragscode - BOXEXPERT - Professionele behuizingsoplossingen voor de hoogste eisen","isPartOf":{"@id":"https:\/\/boxexpert.de\/nl\/#website"},"datePublished":"2020-03-31T14:02:46+00:00","dateModified":"2022-04-08T05:45:40+00:00","breadcrumb":{"@id":"https:\/\/boxexpert.de\/nl\/onderneming\/gedragscode\/#breadcrumb"},"inLanguage":"nl-NL","potentialAction":[{"@type":"ReadAction","target":["https:\/\/boxexpert.de\/nl\/onderneming\/gedragscode\/"]}]},{"@type":"BreadcrumbList","@id":"https:\/\/boxexpert.de\/nl\/onderneming\/gedragscode\/#breadcrumb","itemListElement":[{"@type":"ListItem","position":1,"name":"Startseite","item":"https:\/\/boxexpert.de\/nl\/"},{"@type":"ListItem","position":2,"name":"Bedrijf","item":"https:\/\/boxexpert.de\/nl\/onderneming\/"},{"@type":"ListItem","position":3,"name":"Gedragscode"}]},{"@type":"WebSite","@id":"https:\/\/boxexpert.de\/nl\/#website","url":"https:\/\/boxexpert.de\/nl\/","name":"BOXEXPERT - Professionelle Geh\u00e4usel\u00f6sungen f\u00fcr h\u00f6chste Anspr\u00fcche","description":"Industri\u00eble behuizingen, schakelkasten, installatiebehuizingen, zekeringskasten en verdeelkasten","potentialAction":[{"@type":"SearchAction","target":{"@type":"EntryPoint","urlTemplate":"https:\/\/boxexpert.de\/nl\/?s={search_term_string}"},"query-input":{"@type":"PropertyValueSpecification","valueRequired":true,"valueName":"search_term_string"}}],"inLanguage":"nl-NL"}]}},"_links":{"self":[{"href":"https:\/\/boxexpert.de\/nl\/wp-json\/wp\/v2\/pages\/4803","targetHints":{"allow":["GET"]}}],"collection":[{"href":"https:\/\/boxexpert.de\/nl\/wp-json\/wp\/v2\/pages"}],"about":[{"href":"https:\/\/boxexpert.de\/nl\/wp-json\/wp\/v2\/types\/page"}],"author":[{"embeddable":true,"href":"https:\/\/boxexpert.de\/nl\/wp-json\/wp\/v2\/users\/1"}],"replies":[{"embeddable":true,"href":"https:\/\/boxexpert.de\/nl\/wp-json\/wp\/v2\/comments?post=4803"}],"version-history":[{"count":11,"href":"https:\/\/boxexpert.de\/nl\/wp-json\/wp\/v2\/pages\/4803\/revisions"}],"predecessor-version":[{"id":62505,"href":"https:\/\/boxexpert.de\/nl\/wp-json\/wp\/v2\/pages\/4803\/revisions\/62505"}],"up":[{"embeddable":true,"href":"https:\/\/boxexpert.de\/nl\/wp-json\/wp\/v2\/pages\/3821"}],"wp:attachment":[{"href":"https:\/\/boxexpert.de\/nl\/wp-json\/wp\/v2\/media?parent=4803"}],"curies":[{"name":"wp","href":"https:\/\/api.w.org\/{rel}","templated":true}]}}