{"id":47772,"date":"2021-08-25T16:08:47","date_gmt":"2021-08-25T16:08:47","guid":{"rendered":"https:\/\/boxexpert.de\/faqs\/standarder\/"},"modified":"2021-08-25T16:09:05","modified_gmt":"2021-08-25T16:09:05","slug":"standarder","status":"publish","type":"page","link":"https:\/\/boxexpert.de\/sv\/faqs\/standarder\/","title":{"rendered":"Standarder"},"content":{"rendered":"<div class=\"wpb-content-wrapper\"><p>[vc_row][vc_column]\n\t\t<div id=\"wd-5e81d39072d3c\" class=\"title-wrapper wd-wpb wd-set-mb reset-last-child  wd-rs-5e81d39072d3c wd-title-color-primary wd-title-style-underlined text-left vc_custom_1585566615150 wd-underline-colored\">\n\t\t\t\t\t\t\t\n\t\t\t\t<div class=\"title-subtitle  subtitle-color-primary font-default subtitle-style-default wd-font-weight- wd-fontsize-xs\">VANLIGA FR\u00c5GOR OCH SVAR<\/div>\n\t\t\t\n\t\t\t<div class=\"liner-continer\">\n\t\t\t\t<h1 class=\"woodmart-title-container title  wd-font-weight- wd-fontsize-xl\" ><strong>VILKA STANDARDER \u00c4R TILL\u00c4MPLIGA?<\/strong><\/h1>\n\t\t\t\t\t\t\t<\/div>\n\t\t\t\n\t\t\t\n\t\t\t\n\t\t<\/div>\n\t\t\n\t\t[vc_column_text text_larger=&#8221;no&#8221;]De relevanta standarderna f\u00f6r l\u00e5dor, h\u00f6ljen och delar av h\u00f6ljen f\u00f6r elektrisk installationsutrustning \u00e4r f\u00f6ljande:<\/p>\n<ul>\n<li>DIN EN 60670-1 (VDE 0606-1)<\/li>\n<li>DIN EN 61439-1 (VDE 0660-600-1)<\/li>\n<li>DIN EN 62208 (VDE 0660-511)<\/li>\n<\/ul>\n<p>[\/vc_column_text][vc_row_inner][vc_column_inner width=&#8221;1\/3&#8243;]\n\t\t<div id=\"wd-5e81d30e9902e\" class=\"title-wrapper wd-wpb wd-set-mb reset-last-child  wd-rs-5e81d30e9902e wd-title-color-primary wd-title-style-underlined text-left vc_custom_1585566482243 wd-underline-colored\">\n\t\t\t\n\t\t\t<div class=\"liner-continer\">\n\t\t\t\t<h1 class=\"woodmart-title-container title  wd-font-weight- wd-fontsize-m\" ><strong>DIN EN 60670-1<\/strong><\/h1>\n\t\t\t\t\t\t\t<\/div>\n\t\t\t\n\t\t\t\n\t\t\t\n\t\t<\/div>\n\t\t\n\t\t[\/vc_column_inner][vc_column_inner width=&#8221;1\/3&#8243;][\/vc_column_inner][vc_column_inner width=&#8221;1\/3&#8243;][\/vc_column_inner][\/vc_row_inner][vc_column_text text_larger=&#8221;no&#8221;]Standarden <strong>DIN EN 60670-1, VDE 0606-1<\/strong> g\u00e4ller f\u00f6r l\u00e5dor, h\u00f6ljen och delar av h\u00f6ljen f\u00f6r elektrisk installationsutrustning med en nominell sp\u00e4nning p\u00e5 h\u00f6gst 1000 V AC och 1500 V DC som \u00e4r avsedd f\u00f6r hush\u00e5llsinstallationer och liknande fasta elektriska installationer inomhus eller utomhus.[\/vc_column_text][vc_row_inner][vc_column_inner width=&#8221;1\/3&#8243;]\n\t\t<div id=\"wd-5e81d331c4914\" class=\"title-wrapper wd-wpb wd-set-mb reset-last-child  wd-rs-5e81d331c4914 wd-title-color-primary wd-title-style-underlined text-left vc_custom_1585566519102 wd-underline-colored\">\n\t\t\t\n\t\t\t<div class=\"liner-continer\">\n\t\t\t\t<h1 class=\"woodmart-title-container title  wd-font-weight- wd-fontsize-m\" ><strong>DIN EN 61439-1<\/strong><\/h1>\n\t\t\t\t\t\t\t<\/div>\n\t\t\t\n\t\t\t\n\t\t\t\n\t\t<\/div>\n\t\t\n\t\t[\/vc_column_inner][vc_column_inner width=&#8221;1\/3&#8243;][\/vc_column_inner][vc_column_inner width=&#8221;1\/3&#8243;][\/vc_column_inner][\/vc_row_inner][vc_column_text text_larger=&#8221;no&#8221;]&#8221;Standarden <strong>IEC 61439<\/strong> (&#8230;) och de nationella standarderna <em>DIN EN 61439<\/em>, <em>SN EN 61439<\/em>, <em>\u00d6VE\/\u00d6NORM EN 61439.<\/em> i det tysktalande omr\u00e5det, behandlar s\u00e4kerhetsrelaterade krav f\u00f6r l\u00e5gsp\u00e4nningsst\u00e4llverk. Det handlar bland annat om eldistribution i byggnader och industriella till\u00e4mpningar. (&#8230;) Den nya standarden EN (IEC) 61439 definierar tydliga regler f\u00f6r l\u00e5gsp\u00e4nningsst\u00e4llverk och kontrollutrustning (SK). Den specificerar s\u00e4kerhetskraven f\u00f6r elektrisk utrustning f\u00f6r planerare, systemtillverkare, elinstallat\u00f6rer och slutkunder f\u00f6r att uppfylla skyddsm\u00e5len f\u00f6r personer och system i elektriska installationer.&#8221; (Wikipedia: 30.01.2020, <a href=\"https:\/\/de.wikipedia.org\/wiki\/IEC_61439\">https:\/\/de.wikipedia.org\/wiki\/IEC_61439<\/a>)[\/vc_column_text][vc_row_inner][vc_column_inner width=&#8221;1\/3&#8243;]\n\t\t<div id=\"wd-5e81d33e06684\" class=\"title-wrapper wd-wpb wd-set-mb reset-last-child  wd-rs-5e81d33e06684 wd-title-color-primary wd-title-style-underlined text-left vc_custom_1585566531928 wd-underline-colored\">\n\t\t\t\n\t\t\t<div class=\"liner-continer\">\n\t\t\t\t<h1 class=\"woodmart-title-container title  wd-font-weight- wd-fontsize-m\" ><strong>DIN EN 62208<\/strong><\/h1>\n\t\t\t\t\t\t\t<\/div>\n\t\t\t\n\t\t\t\n\t\t\t\n\t\t<\/div>\n\t\t\n\t\t[\/vc_column_inner][vc_column_inner width=&#8221;1\/3&#8243;][\/vc_column_inner][vc_column_inner width=&#8221;1\/3&#8243;][\/vc_column_inner][\/vc_row_inner][vc_column_text text_larger=&#8221;no&#8221;]\u201eDiese Norm gilt f\u00fcr Leergeh\u00e4use, wie sie vom Geh\u00e4usehersteller geliefert werden, bevor Betriebsmittel durch den Hersteller der Schaltger\u00e4tekombination eingebaut werden.&#8221;Denna standard g\u00e4ller f\u00f6r tomma h\u00f6ljen som levereras av h\u00f6ljetillverkaren innan utrustningen installeras av tillverkaren av kopplingsaggregatet.<br \/>\nDen specificerar termer, klassificeringar, s\u00e4rskiljande egenskaper och provningskrav f\u00f6r h\u00f6ljen som \u00e4r avsedda f\u00f6r anv\u00e4ndning med t.ex. kopplingsaggregat som uppfyller standarderna i IEC 61439-serien med en nominell sp\u00e4nning som inte \u00f6verstiger 1 000 V v\u00e4xelstr\u00f6m eller 1 500 V likstr\u00f6m, f\u00f6r allm\u00e4n anv\u00e4ndning inomhus eller utomhus.&#8221;<\/p>\n<p>(VDE-Verlag, 29.01.2020: <a href=\"https:\/\/www.vde-verlag.de\/normen\/0660171\/din-en-62208-vde-0660-511-2012-06.html\">https:\/\/www.vde-verlag.de\/normen\/0660171\/din-en-62208-vde-0660-511-2012-06.html<\/a>)[\/vc_column_text][\/vc_column][\/vc_row]<\/p>\n<\/div>","protected":false},"excerpt":{"rendered":"<p>[vc_row][vc_column][vc_column_text text_larger=&#8221;no&#8221;]De relevanta standarderna f\u00f6r l\u00e5dor, h\u00f6ljen och delar av h\u00f6ljen f\u00f6r elektrisk installationsutrustning \u00e4r f\u00f6ljande: DIN EN 60670-1 (VDE<\/p>\n","protected":false},"author":1,"featured_media":0,"parent":44925,"menu_order":0,"comment_status":"closed","ping_status":"closed","template":"","meta":{"_acf_changed":false,"content-type":"","footnotes":""},"class_list":["post-47772","page","type-page","status-publish","hentry"],"acf":[],"yoast_head":"<!-- This site is optimized with the Yoast SEO plugin v27.2 - https:\/\/yoast.com\/product\/yoast-seo-wordpress\/ -->\n<title>Standarder Kapslingsteknik | BOXEXPERT<\/title>\n<meta name=\"description\" content=\"Information och vanliga fr\u00e5gor om standarder f\u00f6r industriella h\u00f6ljen och kopplingssk\u00e5p BOXEXPERT\" \/>\n<meta name=\"robots\" content=\"index, follow, max-snippet:-1, max-image-preview:large, max-video-preview:-1\" \/>\n<link rel=\"canonical\" href=\"https:\/\/boxexpert.de\/sv\/faqs\/standarder\/\" \/>\n<meta property=\"og:locale\" content=\"sv_SE\" \/>\n<meta property=\"og:type\" content=\"article\" \/>\n<meta property=\"og:title\" content=\"Standarder Kapslingsteknik | BOXEXPERT\" \/>\n<meta property=\"og:description\" content=\"Information och vanliga fr\u00e5gor om standarder f\u00f6r industriella h\u00f6ljen och kopplingssk\u00e5p BOXEXPERT\" \/>\n<meta property=\"og:url\" content=\"https:\/\/boxexpert.de\/sv\/faqs\/standarder\/\" \/>\n<meta property=\"og:site_name\" content=\"BOXEXPERT - Professionelle Geh\u00e4usel\u00f6sungen f\u00fcr h\u00f6chste Anspr\u00fcche\" \/>\n<meta property=\"article:modified_time\" content=\"2021-08-25T16:09:05+00:00\" \/>\n<meta name=\"twitter:card\" content=\"summary_large_image\" \/>\n<script type=\"application\/ld+json\" class=\"yoast-schema-graph\">{\"@context\":\"https:\/\/schema.org\",\"@graph\":[{\"@type\":\"WebPage\",\"@id\":\"https:\/\/boxexpert.de\/sv\/faqs\/standarder\/\",\"url\":\"https:\/\/boxexpert.de\/sv\/faqs\/standarder\/\",\"name\":\"Standarder Kapslingsteknik | BOXEXPERT\",\"isPartOf\":{\"@id\":\"https:\/\/boxexpert.de\/sv\/#website\"},\"datePublished\":\"2021-08-25T16:08:47+00:00\",\"dateModified\":\"2021-08-25T16:09:05+00:00\",\"description\":\"Information och vanliga fr\u00e5gor om standarder f\u00f6r industriella h\u00f6ljen och kopplingssk\u00e5p BOXEXPERT\",\"breadcrumb\":{\"@id\":\"https:\/\/boxexpert.de\/sv\/faqs\/standarder\/#breadcrumb\"},\"inLanguage\":\"sv-SE\",\"potentialAction\":[{\"@type\":\"ReadAction\",\"target\":[\"https:\/\/boxexpert.de\/sv\/faqs\/standarder\/\"]}]},{\"@type\":\"BreadcrumbList\",\"@id\":\"https:\/\/boxexpert.de\/sv\/faqs\/standarder\/#breadcrumb\",\"itemListElement\":[{\"@type\":\"ListItem\",\"position\":1,\"name\":\"Startseite\",\"item\":\"https:\/\/boxexpert.de\/sv\/\"},{\"@type\":\"ListItem\",\"position\":2,\"name\":\"FAQ&#8217;s\",\"item\":\"https:\/\/boxexpert.de\/sv\/faqs\/\"},{\"@type\":\"ListItem\",\"position\":3,\"name\":\"Standarder\"}]},{\"@type\":\"WebSite\",\"@id\":\"https:\/\/boxexpert.de\/sv\/#website\",\"url\":\"https:\/\/boxexpert.de\/sv\/\",\"name\":\"BOXEXPERT - Professionelle Geh\u00e4usel\u00f6sungen f\u00fcr h\u00f6chste Anspr\u00fcche\",\"description\":\"Industriegeh\u00e4use, Schaltschr\u00e4nke, Installationsgeh\u00e4use, Sicherungsk\u00e4sten und Verteilerk\u00e4sten\",\"potentialAction\":[{\"@type\":\"SearchAction\",\"target\":{\"@type\":\"EntryPoint\",\"urlTemplate\":\"https:\/\/boxexpert.de\/sv\/?s={search_term_string}\"},\"query-input\":{\"@type\":\"PropertyValueSpecification\",\"valueRequired\":true,\"valueName\":\"search_term_string\"}}],\"inLanguage\":\"sv-SE\"}]}<\/script>\n<!-- \/ Yoast SEO plugin. -->","yoast_head_json":{"title":"Standarder Kapslingsteknik | BOXEXPERT","description":"Information och vanliga fr\u00e5gor om standarder f\u00f6r industriella h\u00f6ljen och kopplingssk\u00e5p BOXEXPERT","robots":{"index":"index","follow":"follow","max-snippet":"max-snippet:-1","max-image-preview":"max-image-preview:large","max-video-preview":"max-video-preview:-1"},"canonical":"https:\/\/boxexpert.de\/sv\/faqs\/standarder\/","og_locale":"sv_SE","og_type":"article","og_title":"Standarder Kapslingsteknik | BOXEXPERT","og_description":"Information och vanliga fr\u00e5gor om standarder f\u00f6r industriella h\u00f6ljen och kopplingssk\u00e5p BOXEXPERT","og_url":"https:\/\/boxexpert.de\/sv\/faqs\/standarder\/","og_site_name":"BOXEXPERT - Professionelle Geh\u00e4usel\u00f6sungen f\u00fcr h\u00f6chste Anspr\u00fcche","article_modified_time":"2021-08-25T16:09:05+00:00","twitter_card":"summary_large_image","schema":{"@context":"https:\/\/schema.org","@graph":[{"@type":"WebPage","@id":"https:\/\/boxexpert.de\/sv\/faqs\/standarder\/","url":"https:\/\/boxexpert.de\/sv\/faqs\/standarder\/","name":"Standarder Kapslingsteknik | BOXEXPERT","isPartOf":{"@id":"https:\/\/boxexpert.de\/sv\/#website"},"datePublished":"2021-08-25T16:08:47+00:00","dateModified":"2021-08-25T16:09:05+00:00","description":"Information och vanliga fr\u00e5gor om standarder f\u00f6r industriella h\u00f6ljen och kopplingssk\u00e5p BOXEXPERT","breadcrumb":{"@id":"https:\/\/boxexpert.de\/sv\/faqs\/standarder\/#breadcrumb"},"inLanguage":"sv-SE","potentialAction":[{"@type":"ReadAction","target":["https:\/\/boxexpert.de\/sv\/faqs\/standarder\/"]}]},{"@type":"BreadcrumbList","@id":"https:\/\/boxexpert.de\/sv\/faqs\/standarder\/#breadcrumb","itemListElement":[{"@type":"ListItem","position":1,"name":"Startseite","item":"https:\/\/boxexpert.de\/sv\/"},{"@type":"ListItem","position":2,"name":"FAQ&#8217;s","item":"https:\/\/boxexpert.de\/sv\/faqs\/"},{"@type":"ListItem","position":3,"name":"Standarder"}]},{"@type":"WebSite","@id":"https:\/\/boxexpert.de\/sv\/#website","url":"https:\/\/boxexpert.de\/sv\/","name":"BOXEXPERT - Professionelle Geh\u00e4usel\u00f6sungen f\u00fcr h\u00f6chste Anspr\u00fcche","description":"Industriegeh\u00e4use, Schaltschr\u00e4nke, Installationsgeh\u00e4use, Sicherungsk\u00e4sten und Verteilerk\u00e4sten","potentialAction":[{"@type":"SearchAction","target":{"@type":"EntryPoint","urlTemplate":"https:\/\/boxexpert.de\/sv\/?s={search_term_string}"},"query-input":{"@type":"PropertyValueSpecification","valueRequired":true,"valueName":"search_term_string"}}],"inLanguage":"sv-SE"}]}},"_links":{"self":[{"href":"https:\/\/boxexpert.de\/sv\/wp-json\/wp\/v2\/pages\/47772","targetHints":{"allow":["GET"]}}],"collection":[{"href":"https:\/\/boxexpert.de\/sv\/wp-json\/wp\/v2\/pages"}],"about":[{"href":"https:\/\/boxexpert.de\/sv\/wp-json\/wp\/v2\/types\/page"}],"author":[{"embeddable":true,"href":"https:\/\/boxexpert.de\/sv\/wp-json\/wp\/v2\/users\/1"}],"replies":[{"embeddable":true,"href":"https:\/\/boxexpert.de\/sv\/wp-json\/wp\/v2\/comments?post=47772"}],"version-history":[{"count":4,"href":"https:\/\/boxexpert.de\/sv\/wp-json\/wp\/v2\/pages\/47772\/revisions"}],"predecessor-version":[{"id":47780,"href":"https:\/\/boxexpert.de\/sv\/wp-json\/wp\/v2\/pages\/47772\/revisions\/47780"}],"up":[{"embeddable":true,"href":"https:\/\/boxexpert.de\/sv\/wp-json\/wp\/v2\/pages\/44925"}],"wp:attachment":[{"href":"https:\/\/boxexpert.de\/sv\/wp-json\/wp\/v2\/media?parent=47772"}],"curies":[{"name":"wp","href":"https:\/\/api.w.org\/{rel}","templated":true}]}}