{"id":47787,"date":"2021-08-25T16:24:12","date_gmt":"2021-08-25T16:24:12","guid":{"rendered":"https:\/\/boxexpert.de\/faqs\/rohs-reach\/"},"modified":"2021-08-25T16:24:32","modified_gmt":"2021-08-25T16:24:32","slug":"rohs-reach","status":"publish","type":"page","link":"https:\/\/boxexpert.de\/sv\/faqs\/rohs-reach\/","title":{"rendered":"RoHS \/ REACH"},"content":{"rendered":"<div class=\"wpb-content-wrapper\"><p>[vc_row][vc_column]\n\t\t<div id=\"wd-5e9702fc864e5\" class=\"title-wrapper wd-wpb wd-set-mb reset-last-child  wd-rs-5e9702fc864e5 wd-title-color-primary wd-title-style-underlined text-left vc_custom_1586955020452 wd-underline-colored\">\n\t\t\t\t\t\t\t\n\t\t\t\t<div class=\"title-subtitle  subtitle-color-primary font-default subtitle-style-default wd-font-weight- wd-fontsize-xs\">BOXEXPERT<\/div>\n\t\t\t\n\t\t\t<div class=\"liner-continer\">\n\t\t\t\t<h1 class=\"woodmart-title-container title  wd-font-weight- wd-fontsize-xxl\" ><strong>Vanliga fr\u00e5gor om RoHS, REACH och CE<\/strong><\/h1>\n\t\t\t\t\t\t\t<\/div>\n\t\t\t\n\t\t\t\n\t\t\t\n\t\t<\/div>\n\t\t\n\t\t[\/vc_column][\/vc_row][vc_row full_width=&#8221;stretch_row&#8221; content_placement=&#8221;top&#8221; css=&#8221;.vc_custom_1586250255149{margin-bottom: 8vh !important;}&#8221; mobile_bg_img_hidden=&#8221;no&#8221; tablet_bg_img_hidden=&#8221;no&#8221; woodmart_parallax=&#8221;0&#8243; woodmart_gradient_switch=&#8221;no&#8221; row_reverse_mobile=&#8221;0&#8243; row_reverse_tablet=&#8221;0&#8243; woodmart_disable_overflow=&#8221;0&#8243;][vc_column width=&#8221;1\/2&#8243; css=&#8221;.vc_custom_1586954960915{margin-bottom: 20px !important;padding-top: 0px !important;}&#8221; mobile_bg_img_hidden=&#8221;no&#8221; tablet_bg_img_hidden=&#8221;no&#8221; woodmart_parallax=&#8221;0&#8243; woodmart_sticky_column=&#8221;false&#8221; parallax_scroll=&#8221;no&#8221; mobile_reset_margin=&#8221;no&#8221; tablet_reset_margin=&#8221;no&#8221;]\n\t\t<div id=\"wd-5e8c41d6a1b3e\" class=\"title-wrapper wd-wpb wd-set-mb reset-last-child  wd-rs-5e8c41d6a1b3e wd-title-color-primary wd-title-style-underlined text-left vc_custom_1586250201296 wd-underline-colored\">\n\t\t\t\t\t\t\t\n\t\t\t\t<div class=\"title-subtitle  subtitle-color-primary font-default subtitle-style-default wd-font-weight- wd-fontsize-xs\">REACH<\/div>\n\t\t\t\n\t\t\t<div class=\"liner-continer\">\n\t\t\t\t<h2 class=\"woodmart-title-container title  wd-font-weight- wd-fontsize-l\" >F\u00f6rordning om registrering, utv\u00e4rdering, godk\u00e4nnande och begr\u00e4nsning av kemiska \u00e4mnen.<\/h2>\n\t\t\t\t\t\t\t<\/div>\n\t\t\t\n\t\t\t\n\t\t\t\n\t\t<\/div>\n\t\t\n\t\t[vc_column_text css=&#8221;.vc_custom_1586250222515{margin-bottom: 20px !important;}&#8221; text_larger=&#8221;no&#8221;]Reach &#8211; f\u00f6rordning (EG) 1907\/2006 &#8211; \u00e4r den europeiska kemikalief\u00f6rordningen om registrering, utv\u00e4rdering, godk\u00e4nnande och begr\u00e4nsning av kemikalier.<\/p>\n<p>Reach har varit i kraft sedan 2007 och syftar till att s\u00e4kerst\u00e4lla en h\u00f6g skyddsniv\u00e5 f\u00f6r m\u00e4nniskors h\u00e4lsa och milj\u00f6n. Samtidigt syftar den till att s\u00e4kerst\u00e4lla den fria r\u00f6rligheten f\u00f6r kemikalier p\u00e5 den inre marknaden och att fr\u00e4mja konkurrenskraft och innovation. Reach bygger p\u00e5 principen att tillverkare, import\u00f6rer och nedstr\u00f6msanv\u00e4ndare tar ansvar f\u00f6r sina kemikalier. De m\u00e5ste se till att de kemikalier som de tillverkar och sl\u00e4pper ut p\u00e5 marknaden anv\u00e4nds p\u00e5 ett s\u00e4kert s\u00e4tt. F\u00f6rkortningen &#8221;REACH&#8221; kommer fr\u00e5n f\u00f6rordningens engelska titel: F\u00f6rordning om registrering, utv\u00e4rdering, godk\u00e4nnande och begr\u00e4nsning av kemikalier. Reach-f\u00f6rordningen anses vara en av de str\u00e4ngaste kemikalielagarna i v\u00e4rlden.&#8221;[\/vc_column_text]\n\t\t<div id=\"wd-5e8c8d65d3760\" class=\"title-wrapper wd-wpb wd-set-mb reset-last-child  wd-rs-5e8c8d65d3760 wd-title-color-primary wd-title-style-underlined text-left vc_custom_1586269779224 wd-underline-colored\">\n\t\t\t\t\t\t\t\n\t\t\t\t<div class=\"title-subtitle  subtitle-color-primary font-default subtitle-style-default wd-font-weight- wd-fontsize-xs\">Europeisk efterlevnad<\/div>\n\t\t\t\n\t\t\t<div class=\"liner-continer\">\n\t\t\t\t<h2 class=\"woodmart-title-container title  wd-font-weight- wd-fontsize-l\" >CE-m\u00e4rkning<\/h2>\n\t\t\t\t\t\t\t<\/div>\n\t\t\t\n\t\t\t\n\t\t\t\n\t\t<\/div>\n\t\t\n\t\t[vc_column_text css=&#8221;.vc_custom_1586269804437{margin-bottom: 20px !important;}&#8221; text_larger=&#8221;no&#8221;]Bokst\u00e4verna &#8221;CE&#8221; finns p\u00e5 m\u00e5nga produkter som s\u00e4ljs p\u00e5 den utvidgade inre marknaden inom Europeiska ekonomiska samarbetsomr\u00e5det (EES). De inneb\u00e4r att produkter som s\u00e4ljs inom EES har kontrollerats f\u00f6r att s\u00e4kerst\u00e4lla att de uppfyller h\u00f6ga krav p\u00e5 s\u00e4kerhet, h\u00e4lsa och milj\u00f6skydd. CE-m\u00e4rkning fr\u00e4mjar ocks\u00e5 r\u00e4ttvis konkurrens genom att alla f\u00f6retag \u00e4r skyldiga att f\u00f6lja samma regler.<br \/>\nGenom att anbringa CE-m\u00e4rkningen p\u00e5 en produkt f\u00f6rklarar tillverkaren att produkten uppfyller alla r\u00e4ttsliga krav f\u00f6r CE-m\u00e4rkning och kan s\u00e4ljas inom hela EES. Detta g\u00e4ller \u00e4ven produkter som tillverkas i andra l\u00e4nder och s\u00e4ljs inom EES.[\/vc_column_text][\/vc_column][vc_column width=&#8221;1\/2&#8243; css=&#8221;.vc_custom_1536077344327{margin-bottom: 20px !important;padding-top: 0px !important;}&#8221;]\n\t\t<div id=\"wd-5e8c3ffea7328\" class=\"title-wrapper wd-wpb wd-set-mb reset-last-child  wd-rs-5e8c3ffea7328 wd-title-color-primary wd-title-style-underlined text-left vc_custom_1586249781764 wd-underline-colored\">\n\t\t\t\t\t\t\t\n\t\t\t\t<div class=\"title-subtitle  subtitle-color-primary font-default subtitle-style-default wd-font-weight- wd-fontsize-xs\">RoHS<\/div>\n\t\t\t\n\t\t\t<div class=\"liner-continer\">\n\t\t\t\t<h2 class=\"woodmart-title-container title  wd-font-weight- wd-fontsize-l\" >Begr\u00e4nsning av vissa farliga \u00e4mnen<\/h2>\n\t\t\t\t\t\t\t<\/div>\n\t\t\t\n\t\t\t\n\t\t\t\n\t\t<\/div>\n\t\t\n\t\t[vc_column_text css=&#8221;.vc_custom_1586249981539{margin-bottom: 20px !important;}&#8221; text_larger=&#8221;no&#8221;]I det EU-omfattande RoHS-direktivet (direktiv om begr\u00e4nsning av anv\u00e4ndningen av vissa farliga \u00e4mnen i avfall som utg\u00f6rs av elektrisk och elektronisk utrustning) anges olika kemiska \u00e4mnen som inte f\u00e5r anv\u00e4ndas i elektrisk och elektronisk utrustning. Den 22 juli 2019 tr\u00e4der det &#8221;utvidgade&#8221; RoHS-direktivet med nya f\u00f6rbud mot anv\u00e4ndning av \u00e4mnen i kraft i EU.<\/p>\n<p>F\u00f6ljande \u00e4mnen \u00e4r reglerade:<\/p>\n<ul>\n<li>Bly (PB)<\/li>\n<li>Kadmium (Cd)<\/li>\n<li>Polybromierte Biphenyle (PBB)<\/li>\n<li>Polybromerade difenyletrar (PBDE)<\/li>\n<li>Sexv\u00e4rt krom<\/li>\n<li>Kvicksilver (Hg)<\/li>\n<li>Butylbensylftalat (BBP)<\/li>\n<li>Di(2-etylhexyl)ftalat (DEHP)<\/li>\n<li>Dibutylftalat (DBP)<\/li>\n<li>Dibutylftalat (DBP)<\/li>\n<\/ul>\n<p>Homogena material som inneh\u00e5ller mer \u00e4n 0,1 viktprocent av vart och ett av ovanst\u00e5ende \u00e4mnen (Cd 0,01 viktprocent) f\u00e5r inte anv\u00e4ndas i elektrisk utrustning som omfattas av de utrustningskategorier som f\u00f6rtecknas i bilaga I till 2011\/65\/EU.<br \/>\nDessa s\u00e5 kallade de minimis-gr\u00e4nser tar h\u00e4nsyn till att det kan f\u00f6rekomma f\u00f6roreningar i mycket sm\u00e5 m\u00e4ngder som inte kan f\u00f6rhindras tekniskt.[\/vc_column_text][\/vc_column][\/vc_row]<\/p>\n<\/div>","protected":false},"excerpt":{"rendered":"<p>[vc_row][vc_column][\/vc_column][\/vc_row][vc_row full_width=&#8221;stretch_row&#8221; content_placement=&#8221;top&#8221; css=&#8221;.vc_custom_1586250255149{margin-bottom: 8vh !important;}&#8221; mobile_bg_img_hidden=&#8221;no&#8221; tablet_bg_img_hidden=&#8221;no&#8221; woodmart_parallax=&#8221;0&#8243; woodmart_gradient_switch=&#8221;no&#8221; row_reverse_mobile=&#8221;0&#8243; row_reverse_tablet=&#8221;0&#8243; woodmart_disable_overflow=&#8221;0&#8243;][vc_column width=&#8221;1\/2&#8243; css=&#8221;.vc_custom_1586954960915{margin-bottom: 20px !important;padding-top: 0px !important;}&#8221; mobile_bg_img_hidden=&#8221;no&#8221;<\/p>\n","protected":false},"author":1,"featured_media":0,"parent":44925,"menu_order":0,"comment_status":"closed","ping_status":"closed","template":"","meta":{"_acf_changed":false,"content-type":"","footnotes":""},"class_list":["post-47787","page","type-page","status-publish","hentry"],"acf":[],"yoast_head":"<!-- This site is optimized with the Yoast SEO plugin v27.2 - https:\/\/yoast.com\/product\/yoast-seo-wordpress\/ -->\n<title>REACH ROHS-kompatibla h\u00f6ljen | BOXEXPERT<\/title>\n<meta name=\"description\" content=\"Information och vanliga fr\u00e5gor om REACH och ROHS f\u00f6r industriella h\u00f6ljen och kopplingssk\u00e5p BOXEXPERT\" \/>\n<meta name=\"robots\" content=\"index, follow, max-snippet:-1, max-image-preview:large, max-video-preview:-1\" \/>\n<link rel=\"canonical\" href=\"https:\/\/boxexpert.de\/sv\/faqs\/rohs-reach\/\" \/>\n<meta property=\"og:locale\" content=\"sv_SE\" \/>\n<meta property=\"og:type\" content=\"article\" \/>\n<meta property=\"og:title\" content=\"REACH ROHS-kompatibla h\u00f6ljen | BOXEXPERT\" \/>\n<meta property=\"og:description\" content=\"Information och vanliga fr\u00e5gor om REACH och ROHS f\u00f6r industriella h\u00f6ljen och kopplingssk\u00e5p BOXEXPERT\" \/>\n<meta property=\"og:url\" content=\"https:\/\/boxexpert.de\/sv\/faqs\/rohs-reach\/\" \/>\n<meta property=\"og:site_name\" content=\"BOXEXPERT - Professionelle Geh\u00e4usel\u00f6sungen f\u00fcr h\u00f6chste Anspr\u00fcche\" \/>\n<meta property=\"article:modified_time\" content=\"2021-08-25T16:24:32+00:00\" \/>\n<meta name=\"twitter:card\" content=\"summary_large_image\" \/>\n<script type=\"application\/ld+json\" class=\"yoast-schema-graph\">{\"@context\":\"https:\/\/schema.org\",\"@graph\":[{\"@type\":\"WebPage\",\"@id\":\"https:\/\/boxexpert.de\/sv\/faqs\/rohs-reach\/\",\"url\":\"https:\/\/boxexpert.de\/sv\/faqs\/rohs-reach\/\",\"name\":\"REACH ROHS-kompatibla h\u00f6ljen | BOXEXPERT\",\"isPartOf\":{\"@id\":\"https:\/\/boxexpert.de\/sv\/#website\"},\"datePublished\":\"2021-08-25T16:24:12+00:00\",\"dateModified\":\"2021-08-25T16:24:32+00:00\",\"description\":\"Information och vanliga fr\u00e5gor om REACH och ROHS f\u00f6r industriella h\u00f6ljen och kopplingssk\u00e5p BOXEXPERT\",\"breadcrumb\":{\"@id\":\"https:\/\/boxexpert.de\/sv\/faqs\/rohs-reach\/#breadcrumb\"},\"inLanguage\":\"sv-SE\",\"potentialAction\":[{\"@type\":\"ReadAction\",\"target\":[\"https:\/\/boxexpert.de\/sv\/faqs\/rohs-reach\/\"]}]},{\"@type\":\"BreadcrumbList\",\"@id\":\"https:\/\/boxexpert.de\/sv\/faqs\/rohs-reach\/#breadcrumb\",\"itemListElement\":[{\"@type\":\"ListItem\",\"position\":1,\"name\":\"Startseite\",\"item\":\"https:\/\/boxexpert.de\/sv\/\"},{\"@type\":\"ListItem\",\"position\":2,\"name\":\"FAQ&#8217;s\",\"item\":\"https:\/\/boxexpert.de\/sv\/faqs\/\"},{\"@type\":\"ListItem\",\"position\":3,\"name\":\"RoHS \/ REACH\"}]},{\"@type\":\"WebSite\",\"@id\":\"https:\/\/boxexpert.de\/sv\/#website\",\"url\":\"https:\/\/boxexpert.de\/sv\/\",\"name\":\"BOXEXPERT - Professionelle Geh\u00e4usel\u00f6sungen f\u00fcr h\u00f6chste Anspr\u00fcche\",\"description\":\"Industriegeh\u00e4use, Schaltschr\u00e4nke, Installationsgeh\u00e4use, Sicherungsk\u00e4sten und Verteilerk\u00e4sten\",\"potentialAction\":[{\"@type\":\"SearchAction\",\"target\":{\"@type\":\"EntryPoint\",\"urlTemplate\":\"https:\/\/boxexpert.de\/sv\/?s={search_term_string}\"},\"query-input\":{\"@type\":\"PropertyValueSpecification\",\"valueRequired\":true,\"valueName\":\"search_term_string\"}}],\"inLanguage\":\"sv-SE\"}]}<\/script>\n<!-- \/ Yoast SEO plugin. -->","yoast_head_json":{"title":"REACH ROHS-kompatibla h\u00f6ljen | BOXEXPERT","description":"Information och vanliga fr\u00e5gor om REACH och ROHS f\u00f6r industriella h\u00f6ljen och kopplingssk\u00e5p BOXEXPERT","robots":{"index":"index","follow":"follow","max-snippet":"max-snippet:-1","max-image-preview":"max-image-preview:large","max-video-preview":"max-video-preview:-1"},"canonical":"https:\/\/boxexpert.de\/sv\/faqs\/rohs-reach\/","og_locale":"sv_SE","og_type":"article","og_title":"REACH ROHS-kompatibla h\u00f6ljen | BOXEXPERT","og_description":"Information och vanliga fr\u00e5gor om REACH och ROHS f\u00f6r industriella h\u00f6ljen och kopplingssk\u00e5p BOXEXPERT","og_url":"https:\/\/boxexpert.de\/sv\/faqs\/rohs-reach\/","og_site_name":"BOXEXPERT - Professionelle Geh\u00e4usel\u00f6sungen f\u00fcr h\u00f6chste Anspr\u00fcche","article_modified_time":"2021-08-25T16:24:32+00:00","twitter_card":"summary_large_image","schema":{"@context":"https:\/\/schema.org","@graph":[{"@type":"WebPage","@id":"https:\/\/boxexpert.de\/sv\/faqs\/rohs-reach\/","url":"https:\/\/boxexpert.de\/sv\/faqs\/rohs-reach\/","name":"REACH ROHS-kompatibla h\u00f6ljen | BOXEXPERT","isPartOf":{"@id":"https:\/\/boxexpert.de\/sv\/#website"},"datePublished":"2021-08-25T16:24:12+00:00","dateModified":"2021-08-25T16:24:32+00:00","description":"Information och vanliga fr\u00e5gor om REACH och ROHS f\u00f6r industriella h\u00f6ljen och kopplingssk\u00e5p BOXEXPERT","breadcrumb":{"@id":"https:\/\/boxexpert.de\/sv\/faqs\/rohs-reach\/#breadcrumb"},"inLanguage":"sv-SE","potentialAction":[{"@type":"ReadAction","target":["https:\/\/boxexpert.de\/sv\/faqs\/rohs-reach\/"]}]},{"@type":"BreadcrumbList","@id":"https:\/\/boxexpert.de\/sv\/faqs\/rohs-reach\/#breadcrumb","itemListElement":[{"@type":"ListItem","position":1,"name":"Startseite","item":"https:\/\/boxexpert.de\/sv\/"},{"@type":"ListItem","position":2,"name":"FAQ&#8217;s","item":"https:\/\/boxexpert.de\/sv\/faqs\/"},{"@type":"ListItem","position":3,"name":"RoHS \/ REACH"}]},{"@type":"WebSite","@id":"https:\/\/boxexpert.de\/sv\/#website","url":"https:\/\/boxexpert.de\/sv\/","name":"BOXEXPERT - Professionelle Geh\u00e4usel\u00f6sungen f\u00fcr h\u00f6chste Anspr\u00fcche","description":"Industriegeh\u00e4use, Schaltschr\u00e4nke, Installationsgeh\u00e4use, Sicherungsk\u00e4sten und Verteilerk\u00e4sten","potentialAction":[{"@type":"SearchAction","target":{"@type":"EntryPoint","urlTemplate":"https:\/\/boxexpert.de\/sv\/?s={search_term_string}"},"query-input":{"@type":"PropertyValueSpecification","valueRequired":true,"valueName":"search_term_string"}}],"inLanguage":"sv-SE"}]}},"_links":{"self":[{"href":"https:\/\/boxexpert.de\/sv\/wp-json\/wp\/v2\/pages\/47787","targetHints":{"allow":["GET"]}}],"collection":[{"href":"https:\/\/boxexpert.de\/sv\/wp-json\/wp\/v2\/pages"}],"about":[{"href":"https:\/\/boxexpert.de\/sv\/wp-json\/wp\/v2\/types\/page"}],"author":[{"embeddable":true,"href":"https:\/\/boxexpert.de\/sv\/wp-json\/wp\/v2\/users\/1"}],"replies":[{"embeddable":true,"href":"https:\/\/boxexpert.de\/sv\/wp-json\/wp\/v2\/comments?post=47787"}],"version-history":[{"count":6,"href":"https:\/\/boxexpert.de\/sv\/wp-json\/wp\/v2\/pages\/47787\/revisions"}],"predecessor-version":[{"id":47807,"href":"https:\/\/boxexpert.de\/sv\/wp-json\/wp\/v2\/pages\/47787\/revisions\/47807"}],"up":[{"embeddable":true,"href":"https:\/\/boxexpert.de\/sv\/wp-json\/wp\/v2\/pages\/44925"}],"wp:attachment":[{"href":"https:\/\/boxexpert.de\/sv\/wp-json\/wp\/v2\/media?parent=47787"}],"curies":[{"name":"wp","href":"https:\/\/api.w.org\/{rel}","templated":true}]}}