{"id":47864,"date":"2021-08-25T19:42:29","date_gmt":"2021-08-25T19:42:29","guid":{"rendered":"https:\/\/boxexpert.de\/jobb\/"},"modified":"2021-08-25T19:42:31","modified_gmt":"2021-08-25T19:42:31","slug":"jobb","status":"publish","type":"page","link":"https:\/\/boxexpert.de\/sv\/jobb\/","title":{"rendered":"Jobb"},"content":{"rendered":"\t<div class=\"awsm-job-wrap\">\n\n\t\t\n\t\t<div class=\"awsm-job-listings awsm-row awsm-grid-col-2\" data-listings=\"10\" data-lang=\"sv\">\n\t\t\t\t\t<div class=\"awsm-jobs-none-container\">\n\t\t\t\t<p>Aktuell sind keine offenen Stellen verf\u00fcgbar.<\/p>\n\t\t\t<\/div>\n\t\t\t<\/div>\n\t<\/div>\n\n","protected":false},"excerpt":{"rendered":"Aktuell sind keine offenen Stellen verf\u00fcgbar.","protected":false},"author":1,"featured_media":0,"parent":0,"menu_order":0,"comment_status":"closed","ping_status":"closed","template":"","meta":{"_acf_changed":false,"content-type":"","footnotes":""},"class_list":["post-47864","page","type-page","status-publish","hentry"],"acf":[],"yoast_head":"<!-- This site is optimized with the Yoast SEO plugin v27.2 - https:\/\/yoast.com\/product\/yoast-seo-wordpress\/ -->\n<title>Jobb - BOXEXPERT - Professionelle Geh\u00e4usel\u00f6sungen f\u00fcr h\u00f6chste Anspr\u00fcche<\/title>\n<meta name=\"robots\" content=\"index, follow, max-snippet:-1, max-image-preview:large, max-video-preview:-1\" \/>\n<link rel=\"canonical\" href=\"https:\/\/boxexpert.de\/sv\/jobb\/\" \/>\n<meta property=\"og:locale\" content=\"sv_SE\" \/>\n<meta property=\"og:type\" content=\"article\" \/>\n<meta property=\"og:title\" content=\"Jobb - BOXEXPERT - Professionelle Geh\u00e4usel\u00f6sungen f\u00fcr h\u00f6chste Anspr\u00fcche\" \/>\n<meta property=\"og:url\" content=\"https:\/\/boxexpert.de\/sv\/jobb\/\" \/>\n<meta property=\"og:site_name\" content=\"BOXEXPERT - Professionelle Geh\u00e4usel\u00f6sungen f\u00fcr h\u00f6chste Anspr\u00fcche\" \/>\n<meta property=\"article:modified_time\" content=\"2021-08-25T19:42:31+00:00\" \/>\n<meta name=\"twitter:card\" content=\"summary_large_image\" \/>\n<script type=\"application\/ld+json\" class=\"yoast-schema-graph\">{\"@context\":\"https:\/\/schema.org\",\"@graph\":[{\"@type\":\"WebPage\",\"@id\":\"https:\/\/boxexpert.de\/sv\/jobb\/\",\"url\":\"https:\/\/boxexpert.de\/sv\/jobb\/\",\"name\":\"Jobb - BOXEXPERT - Professionelle Geh\u00e4usel\u00f6sungen f\u00fcr h\u00f6chste Anspr\u00fcche\",\"isPartOf\":{\"@id\":\"https:\/\/boxexpert.de\/sv\/#website\"},\"datePublished\":\"2021-08-25T19:42:29+00:00\",\"dateModified\":\"2021-08-25T19:42:31+00:00\",\"breadcrumb\":{\"@id\":\"https:\/\/boxexpert.de\/sv\/jobb\/#breadcrumb\"},\"inLanguage\":\"sv-SE\",\"potentialAction\":[{\"@type\":\"ReadAction\",\"target\":[\"https:\/\/boxexpert.de\/sv\/jobb\/\"]}]},{\"@type\":\"BreadcrumbList\",\"@id\":\"https:\/\/boxexpert.de\/sv\/jobb\/#breadcrumb\",\"itemListElement\":[{\"@type\":\"ListItem\",\"position\":1,\"name\":\"Startseite\",\"item\":\"https:\/\/boxexpert.de\/sv\/\"},{\"@type\":\"ListItem\",\"position\":2,\"name\":\"Jobb\"}]},{\"@type\":\"WebSite\",\"@id\":\"https:\/\/boxexpert.de\/sv\/#website\",\"url\":\"https:\/\/boxexpert.de\/sv\/\",\"name\":\"BOXEXPERT - Professionelle Geh\u00e4usel\u00f6sungen f\u00fcr h\u00f6chste Anspr\u00fcche\",\"description\":\"Industriegeh\u00e4use, Schaltschr\u00e4nke, Installationsgeh\u00e4use, Sicherungsk\u00e4sten und Verteilerk\u00e4sten\",\"potentialAction\":[{\"@type\":\"SearchAction\",\"target\":{\"@type\":\"EntryPoint\",\"urlTemplate\":\"https:\/\/boxexpert.de\/sv\/?s={search_term_string}\"},\"query-input\":{\"@type\":\"PropertyValueSpecification\",\"valueRequired\":true,\"valueName\":\"search_term_string\"}}],\"inLanguage\":\"sv-SE\"}]}<\/script>\n<!-- \/ Yoast SEO plugin. -->","yoast_head_json":{"title":"Jobb - BOXEXPERT - Professionelle Geh\u00e4usel\u00f6sungen f\u00fcr h\u00f6chste Anspr\u00fcche","robots":{"index":"index","follow":"follow","max-snippet":"max-snippet:-1","max-image-preview":"max-image-preview:large","max-video-preview":"max-video-preview:-1"},"canonical":"https:\/\/boxexpert.de\/sv\/jobb\/","og_locale":"sv_SE","og_type":"article","og_title":"Jobb - BOXEXPERT - Professionelle Geh\u00e4usel\u00f6sungen f\u00fcr h\u00f6chste Anspr\u00fcche","og_url":"https:\/\/boxexpert.de\/sv\/jobb\/","og_site_name":"BOXEXPERT - Professionelle Geh\u00e4usel\u00f6sungen f\u00fcr h\u00f6chste Anspr\u00fcche","article_modified_time":"2021-08-25T19:42:31+00:00","twitter_card":"summary_large_image","schema":{"@context":"https:\/\/schema.org","@graph":[{"@type":"WebPage","@id":"https:\/\/boxexpert.de\/sv\/jobb\/","url":"https:\/\/boxexpert.de\/sv\/jobb\/","name":"Jobb - BOXEXPERT - Professionelle Geh\u00e4usel\u00f6sungen f\u00fcr h\u00f6chste Anspr\u00fcche","isPartOf":{"@id":"https:\/\/boxexpert.de\/sv\/#website"},"datePublished":"2021-08-25T19:42:29+00:00","dateModified":"2021-08-25T19:42:31+00:00","breadcrumb":{"@id":"https:\/\/boxexpert.de\/sv\/jobb\/#breadcrumb"},"inLanguage":"sv-SE","potentialAction":[{"@type":"ReadAction","target":["https:\/\/boxexpert.de\/sv\/jobb\/"]}]},{"@type":"BreadcrumbList","@id":"https:\/\/boxexpert.de\/sv\/jobb\/#breadcrumb","itemListElement":[{"@type":"ListItem","position":1,"name":"Startseite","item":"https:\/\/boxexpert.de\/sv\/"},{"@type":"ListItem","position":2,"name":"Jobb"}]},{"@type":"WebSite","@id":"https:\/\/boxexpert.de\/sv\/#website","url":"https:\/\/boxexpert.de\/sv\/","name":"BOXEXPERT - Professionelle Geh\u00e4usel\u00f6sungen f\u00fcr h\u00f6chste Anspr\u00fcche","description":"Industriegeh\u00e4use, Schaltschr\u00e4nke, Installationsgeh\u00e4use, Sicherungsk\u00e4sten und Verteilerk\u00e4sten","potentialAction":[{"@type":"SearchAction","target":{"@type":"EntryPoint","urlTemplate":"https:\/\/boxexpert.de\/sv\/?s={search_term_string}"},"query-input":{"@type":"PropertyValueSpecification","valueRequired":true,"valueName":"search_term_string"}}],"inLanguage":"sv-SE"}]}},"_links":{"self":[{"href":"https:\/\/boxexpert.de\/sv\/wp-json\/wp\/v2\/pages\/47864","targetHints":{"allow":["GET"]}}],"collection":[{"href":"https:\/\/boxexpert.de\/sv\/wp-json\/wp\/v2\/pages"}],"about":[{"href":"https:\/\/boxexpert.de\/sv\/wp-json\/wp\/v2\/types\/page"}],"author":[{"embeddable":true,"href":"https:\/\/boxexpert.de\/sv\/wp-json\/wp\/v2\/users\/1"}],"replies":[{"embeddable":true,"href":"https:\/\/boxexpert.de\/sv\/wp-json\/wp\/v2\/comments?post=47864"}],"version-history":[{"count":1,"href":"https:\/\/boxexpert.de\/sv\/wp-json\/wp\/v2\/pages\/47864\/revisions"}],"predecessor-version":[{"id":47869,"href":"https:\/\/boxexpert.de\/sv\/wp-json\/wp\/v2\/pages\/47864\/revisions\/47869"}],"wp:attachment":[{"href":"https:\/\/boxexpert.de\/sv\/wp-json\/wp\/v2\/media?parent=47864"}],"curies":[{"name":"wp","href":"https:\/\/api.w.org\/{rel}","templated":true}]}}